{"id":68,"date":"2024-04-04T10:25:52","date_gmt":"2024-04-04T10:25:52","guid":{"rendered":"https:\/\/solarpolaris.hurtigehjemmesider.dk\/?page_id=68"},"modified":"2024-04-04T10:25:52","modified_gmt":"2024-04-04T10:25:52","slug":"loesninger","status":"publish","type":"page","link":"https:\/\/testinstallation.andthedolphine.com\/index.php\/loesninger\/","title":{"rendered":"Produkter og tjenester"},"content":{"rendered":"<section class=\"gb-container gb-container-46287441 gbp-section\">\n<div class=\"gb-container gb-container-d23a29ab gbp-section__inner\">\n<div class=\"gb-container gb-container-2a48dc36\">\n\n<h1 class=\"gb-headline gb-headline-1512e882 gb-headline-text gbp-section__tagline\">Lad os inspirerer dig til dit n\u00e6ste projekt<\/h1>\n\n\n\n<h1 class=\"gb-headline gb-headline-8c50ff43 gb-headline-text gbp-section__headline\">Produkter og tjenester<\/h1>\n\n\n\n<div class=\"gb-headline gb-headline-0c63feb9 gb-headline-text gbp-section__text db-lg-text\"><strong>Solar Polaris<\/strong> er specialiseret i at levere avancerede solcellel\u00f8sninger til virksomheder og offentlige institutioner. Vi tilbyder en bred vifte af produkter og tjenester, der sikrer optimal udnyttelse af solenergi til forskellige behov. Vores l\u00f8sninger omfatter:<\/div>\n\n<\/div>\n<\/div>\n<\/section>\n\n<div class=\"gb-container gb-container-54dabf23 gbp-section\">\n<div class=\"gb-container gb-container-39ca7b38\">\n<div class=\"gb-grid-wrapper gb-grid-wrapper-7c36159e\">\n<div class=\"gb-grid-column gb-grid-column-049e4082\"><div class=\"gb-container gb-container-049e4082 gbp-card blockanimation shadow\">\n\n<h3 class=\"gb-headline gb-headline-52083396 gb-headline-text gbp-section__headline\">Markanl\u00e6g<\/h3>\n\n\n\n<div class=\"gb-headline gb-headline-8ae0d6b9 gb-headline-text gbp-section__text\">Vi designer og installerer store solcelleanl\u00e6g p\u00e5 \u00e5bne arealer. Disse anl\u00e6g er ideelle for virksomheder med store, ubenyttede jordarealer, der \u00f8nsker at investere i vedvarende energi og reducere deres CO2-aftryk. Vores markanl\u00e6g er skr\u00e6ddersyet til at maksimere energiproduktionen og sikre en hurtig tilbagebetalingstid.<\/div>\n\n\n\n<a class=\"gb-button gb-button-b6b04fbc gb-button-text gbp-button--primary\" href=\"https:\/\/solarpolaris.hurtigehjemmesider.dk\/markanlaeg\/\">L\u00e6s mere<\/a>\n\n<\/div><\/div>\n\n<div class=\"gb-grid-column gb-grid-column-766b6426\"><div class=\"gb-container gb-container-766b6426 gbp-card blockanimation shadow\">\n\n<h3 class=\"gb-headline gb-headline-5dfb2477 gb-headline-text gbp-section__headline\">Tagbaserede anl\u00e6g<\/h3>\n\n\n\n<div class=\"gb-headline gb-headline-ecbc20a5 gb-headline-text gbp-section__text\">Solar Polaris tilbyder effektive og \u00e6stetisk tiltalende tagbaserede solcelleanl\u00e6g, som er perfekte til b\u00e5de nybyggeri og eksisterende bygninger. Disse systemer er designet til at integrere problemfrit med bygningens arkitektur, samtidig med at de leverer maksimal energieffektivitet. Vores ekspertteam sikrer, at installationen udf\u00f8res professionelt og med minimal forstyrrelse af jeres daglige drift.<\/div>\n\n\n\n<a class=\"gb-button gb-button-af2eadf4 gb-button-text gbp-button--primary\" href=\"https:\/\/solarpolaris.hurtigehjemmesider.dk\/taganlaeg\/\">L\u00e6s mere<\/a>\n\n<\/div><\/div>\n\n<div class=\"gb-grid-column gb-grid-column-38926062\"><div class=\"gb-container gb-container-38926062 gbp-card blockanimation shadow\">\n\n<h3 class=\"gb-headline gb-headline-1bf0148b gb-headline-text gbp-section__headline\">Carport l\u00f8sninger<\/h3>\n\n\n\n<div class=\"gb-headline gb-headline-7ce4bdfa gb-headline-text gbp-section__text\">Vi leverer innovative solcellel\u00f8sninger til overd\u00e6kning af parkeringspladser. Vores carport systemer beskytter k\u00f8ret\u00f8jer mod vejrets p\u00e5virkninger samtidig med, at de genererer gr\u00f8n energi. Disse l\u00f8sninger er ideelle for virksomheder, der \u00f8nsker at udnytte deres parkeringsarealer mere effektivt og bidrage til b\u00e6redygtighedsm\u00e5l.<\/div>\n\n<\/div><\/div>\n\n<div class=\"gb-grid-column gb-grid-column-2d828f66\"><div class=\"gb-container gb-container-2d828f66 gbp-card blockanimation shadow\">\n\n<h3 class=\"gb-headline gb-headline-fac43b89 gb-headline-text gbp-section__headline\">Facade l\u00f8sninger<\/h3>\n\n\n\n<div class=\"gb-headline gb-headline-d6775707 gb-headline-text gbp-section__text\">I mindre omfang tilbyder vi ogs\u00e5 facadel\u00f8sninger, hvor solcellepaneler integreres direkte i eller p\u00e5 bygningens facade. Dette giver mulighed for at udnytte lodrette flader til energiproduktion og tilf\u00f8jer en moderne og b\u00e6redygtig \u00e6stetik til bygningen. Facadel\u00f8sninger er s\u00e6rligt velegnede til bygninger med begr\u00e6nset tagareal eller til arkitektoniske projekter, hvor design og funktionalitet skal g\u00e5 h\u00e5nd i h\u00e5nd.<\/div>\n\n<\/div><\/div>\n\n<div class=\"gb-grid-column gb-grid-column-7916a237\"><div class=\"gb-container gb-container-7916a237 gbp-card blockanimation shadow\">\n\n<h3 class=\"gb-headline gb-headline-c3b3b67b gb-headline-text gbp-section__headline\">O&amp;M (overv\u00e5gning, drift og vedligehold)<\/h3>\n\n\n\n<div class=\"gb-headline gb-headline-96259fec gb-headline-text gbp-section__text\">Solar Polaris tilbyder omfattende overv\u00e5gnings-, drifts- og vedligeholdelsestjenester (O&amp;M) for at sikre, at jeres solcelleanl\u00e6g fungerer optimalt gennem hele dets levetid. Vores SCADA-platform g\u00f8r det muligt at indsamle og analysere data i realtid, hvilket hj\u00e6lper med at identificere og l\u00f8se problemer hurtigt. Vi tilbyder ogs\u00e5 regelm\u00e6ssig vedligeholdelse og inspektioner for at sikre, at systemerne k\u00f8rer med maksimal effektivitet og minimal nedetid.<\/div>\n\n\n\n<a class=\"gb-button gb-button-6bae57c6 gb-button-text gbp-button--primary\" href=\"https:\/\/solarpolaris.hurtigehjemmesider.dk\/drift-vedligeholdelse-om\/\">L\u00e6s mere<\/a>\n\n<\/div><\/div>\n<\/div>\n<\/div>\n<\/div>\n\n<div class=\"gb-container gb-container-535dcec3 gbp-section\">\n<div class=\"gb-container gb-container-f6f10ec5\">\n<div class=\"gb-container gb-container-add2b7a1 gb-tabs\" role=\"tablist\" data-opened-tab=\"1\">\n<div class=\"gb-container gb-container-93eb6d58 gb-tabs__buttons\" role=\"list\">\n\n<button class=\"gb-button gb-button-55ef8a3a gb-button-text gb-tabs__button gb-block-is-current gbp-button--primary\" role=\"tab\">Alle<\/button>\n\n\n\n<button class=\"gb-button gb-button-5b6347f4 gb-button-text gb-tabs__button gbp-button--primary\" role=\"tab\">Tage<\/button>\n\n\n\n<button class=\"gb-button gb-button-42ceabb5 gb-button-text gb-tabs__button gbp-button--primary\" role=\"tab\">Marker<\/button>\n\n\n\n<button class=\"gb-button gb-button-33b93935 gb-button-text gb-tabs__button gbp-button--primary\" role=\"tab\">Overd\u00e6kning<\/button>\n\n<\/div>\n\n<div class=\"gb-container gb-container-99084ffd gb-tabs__items\" role=\"tabpanel\">\n<div class=\"gb-container gb-container-22d332c8 gb-tabs__item gb-tabs__item-open\">\n\n<div class=\"gb-grid-wrapper gb-grid-wrapper-0a85843d gb-query-loop-wrapper\">\n<div class=\"gb-grid-column gb-grid-column-107bfe9f gb-query-loop-item post-1043 case type-case status-publish has-post-thumbnail hentry tag-tag\"><div class=\"gb-container gb-container-107bfe9f gbp-card shadow\"><a class=\"gb-container-link\" href=\"https:\/\/testinstallation.andthedolphine.com\/index.php\/case\/ab-storgaarden\/\"><\/a>\n<div class=\"gb-container gb-container-05240d5c\">\n<div class=\"gb-headline gb-headline-9fe07827 gb-headline-text gbp-card__meta-text\">K\u00f8benhavns Kommune<\/div>\n\n<h3 class=\"gb-headline gb-headline-79bfd97e gb-headline-text gbp-card__title\"><a href=\"https:\/\/testinstallation.andthedolphine.com\/index.php\/case\/ab-storgaarden\/\">AB Storg\u00e5rden<\/a><\/h3>\n<\/div>\n\n<div class=\"gb-container gb-container-e7ac0be2\">\n<figure class=\"gb-block-image gb-block-image-4d3bfc15\"><a href=\"https:\/\/testinstallation.andthedolphine.com\/index.php\/case\/ab-storgaarden\/\"><img loading=\"lazy\" decoding=\"async\" width=\"150\" height=\"150\" src=\"https:\/\/testinstallation.andthedolphine.com\/wp-content\/uploads\/2024\/08\/ABstorgaarden.solarpolaris-150x150.jpg\" class=\"gb-image-4d3bfc15\" alt=\"\" \/><\/a><\/figure>\n<\/div>\n\n<div class=\"gb-container gb-container-553504e2\">\n<div class=\"gb-container gb-container-d021c636\">\n<div class=\"gb-headline gb-headline-d124497a gb-headline-text\"><span class=\"post-term-item term-tag\">Tag<\/span><\/div>\n\n<div class=\"gb-headline gb-headline-e9810d98 gb-headline-text\">2019<\/div>\n<\/div>\n<\/div>\n<\/div><\/div>\n\n<div class=\"gb-grid-column gb-grid-column-107bfe9f gb-query-loop-item post-1063 case type-case status-publish has-post-thumbnail hentry tag-tag\"><div class=\"gb-container gb-container-107bfe9f gbp-card shadow\"><a class=\"gb-container-link\" href=\"https:\/\/testinstallation.andthedolphine.com\/index.php\/case\/ramboel-hovedkontor\/\"><\/a>\n<div class=\"gb-container gb-container-05240d5c\">\n<div class=\"gb-headline gb-headline-9fe07827 gb-headline-text gbp-card__meta-text\">Ramb\u00f8ll<\/div>\n\n<h3 class=\"gb-headline gb-headline-79bfd97e gb-headline-text gbp-card__title\"><a href=\"https:\/\/testinstallation.andthedolphine.com\/index.php\/case\/ramboel-hovedkontor\/\">Ramb\u00f8l Hovedkontor<\/a><\/h3>\n<\/div>\n\n<div class=\"gb-container gb-container-e7ac0be2\">\n<figure class=\"gb-block-image gb-block-image-4d3bfc15\"><a href=\"https:\/\/testinstallation.andthedolphine.com\/index.php\/case\/ramboel-hovedkontor\/\"><img loading=\"lazy\" decoding=\"async\" width=\"150\" height=\"150\" src=\"https:\/\/testinstallation.andthedolphine.com\/wp-content\/uploads\/2024\/08\/Ramboell-900x600-1-150x150.jpg\" class=\"gb-image-4d3bfc15\" alt=\"\" \/><\/a><\/figure>\n<\/div>\n\n<div class=\"gb-container gb-container-553504e2\">\n<div class=\"gb-container gb-container-d021c636\">\n<div class=\"gb-headline gb-headline-d124497a gb-headline-text\"><span class=\"post-term-item term-tag\">Tag<\/span><\/div>\n\n<div class=\"gb-headline gb-headline-e9810d98 gb-headline-text\">2020 &#8211; 2021<\/div>\n<\/div>\n<\/div>\n<\/div><\/div>\n\n<div class=\"gb-grid-column gb-grid-column-107bfe9f gb-query-loop-item post-997 case type-case status-publish has-post-thumbnail hentry tag-overdaekning\"><div class=\"gb-container gb-container-107bfe9f gbp-card shadow\"><a class=\"gb-container-link\" href=\"https:\/\/testinstallation.andthedolphine.com\/index.php\/case\/solceller-koebenhavns-vestegns-politistation\/\"><\/a>\n<div class=\"gb-container gb-container-05240d5c\">\n<div class=\"gb-headline gb-headline-9fe07827 gb-headline-text gbp-card__meta-text\">Bygningsstyrelsen<\/div>\n\n<h3 class=\"gb-headline gb-headline-79bfd97e gb-headline-text gbp-card__title\"><a href=\"https:\/\/testinstallation.andthedolphine.com\/index.php\/case\/solceller-koebenhavns-vestegns-politistation\/\">Solceller K\u00f8benhavns Vestegns Politistation<\/a><\/h3>\n<\/div>\n\n<div class=\"gb-container gb-container-e7ac0be2\">\n<figure class=\"gb-block-image gb-block-image-4d3bfc15\"><a href=\"https:\/\/testinstallation.andthedolphine.com\/index.php\/case\/solceller-koebenhavns-vestegns-politistation\/\"><img loading=\"lazy\" decoding=\"async\" width=\"150\" height=\"150\" src=\"https:\/\/testinstallation.andthedolphine.com\/wp-content\/uploads\/2024\/08\/Koebenhavnsvestegnspolitistation-solarpolaris-150x150.jpg\" class=\"gb-image-4d3bfc15\" alt=\"\" \/><\/a><\/figure>\n<\/div>\n\n<div class=\"gb-container gb-container-553504e2\">\n<div class=\"gb-container gb-container-d021c636\">\n<div class=\"gb-headline gb-headline-d124497a gb-headline-text\"><span class=\"post-term-item term-overdaekning\">Overd\u00e6kning<\/span><\/div>\n\n<div class=\"gb-headline gb-headline-e9810d98 gb-headline-text\">2019<\/div>\n<\/div>\n<\/div>\n<\/div><\/div>\n\n<div class=\"gb-grid-column gb-grid-column-107bfe9f gb-query-loop-item post-1033 case type-case status-publish has-post-thumbnail hentry tag-tag\"><div class=\"gb-container gb-container-107bfe9f gbp-card shadow\"><a class=\"gb-container-link\" href=\"https:\/\/testinstallation.andthedolphine.com\/index.php\/case\/nykoebing-falster-sygehus\/\"><\/a>\n<div class=\"gb-container gb-container-05240d5c\">\n<div class=\"gb-headline gb-headline-9fe07827 gb-headline-text gbp-card__meta-text\">Region Sj\u00e6lland<\/div>\n\n<h3 class=\"gb-headline gb-headline-79bfd97e gb-headline-text gbp-card__title\"><a href=\"https:\/\/testinstallation.andthedolphine.com\/index.php\/case\/nykoebing-falster-sygehus\/\">Nyk\u00f8bing Falster Sygehus<\/a><\/h3>\n<\/div>\n\n<div class=\"gb-container gb-container-e7ac0be2\">\n<figure class=\"gb-block-image gb-block-image-4d3bfc15\"><a href=\"https:\/\/testinstallation.andthedolphine.com\/index.php\/case\/nykoebing-falster-sygehus\/\"><img loading=\"lazy\" decoding=\"async\" width=\"150\" height=\"150\" src=\"https:\/\/testinstallation.andthedolphine.com\/wp-content\/uploads\/2024\/08\/NF-Hospital-150x150.jpg\" class=\"gb-image-4d3bfc15\" alt=\"\" \/><\/a><\/figure>\n<\/div>\n\n<div class=\"gb-container gb-container-553504e2\">\n<div class=\"gb-container gb-container-d021c636\">\n<div class=\"gb-headline gb-headline-d124497a gb-headline-text\"><span class=\"post-term-item term-tag\">Tag<\/span><\/div>\n\n<div class=\"gb-headline gb-headline-e9810d98 gb-headline-text\">2017 &#8211; 2018<\/div>\n<\/div>\n<\/div>\n<\/div><\/div>\n\n<div class=\"gb-grid-column gb-grid-column-107bfe9f gb-query-loop-item post-1021 case type-case status-publish has-post-thumbnail hentry tag-tag\"><div class=\"gb-container gb-container-107bfe9f gbp-card shadow\"><a class=\"gb-container-link\" href=\"https:\/\/testinstallation.andthedolphine.com\/index.php\/case\/kalvebod-brygge\/\"><\/a>\n<div class=\"gb-container gb-container-05240d5c\">\n<div class=\"gb-headline gb-headline-9fe07827 gb-headline-text gbp-card__meta-text\">Caverion<\/div>\n\n<h3 class=\"gb-headline gb-headline-79bfd97e gb-headline-text gbp-card__title\"><a href=\"https:\/\/testinstallation.andthedolphine.com\/index.php\/case\/kalvebod-brygge\/\">Kalvebod Brygge<\/a><\/h3>\n<\/div>\n\n<div class=\"gb-container gb-container-e7ac0be2\">\n<figure class=\"gb-block-image gb-block-image-4d3bfc15\"><a href=\"https:\/\/testinstallation.andthedolphine.com\/index.php\/case\/kalvebod-brygge\/\"><img loading=\"lazy\" decoding=\"async\" width=\"150\" height=\"150\" src=\"https:\/\/testinstallation.andthedolphine.com\/wp-content\/uploads\/2024\/08\/Kalvebod_brygge.solarpolaris-150x150.jpg\" class=\"gb-image-4d3bfc15\" alt=\"\" \/><\/a><\/figure>\n<\/div>\n\n<div class=\"gb-container gb-container-553504e2\">\n<div class=\"gb-container gb-container-d021c636\">\n<div class=\"gb-headline gb-headline-d124497a gb-headline-text\"><span class=\"post-term-item term-tag\">Tag<\/span><\/div>\n\n<div class=\"gb-headline gb-headline-e9810d98 gb-headline-text\">2018<\/div>\n<\/div>\n<\/div>\n<\/div><\/div>\n\n<div class=\"gb-grid-column gb-grid-column-107bfe9f gb-query-loop-item post-1011 case type-case status-publish has-post-thumbnail hentry tag-tag tilfoj-til-stor-case-hospital-nordsjaelland\"><div class=\"gb-container gb-container-107bfe9f gbp-card shadow\"><a class=\"gb-container-link\" href=\"https:\/\/testinstallation.andthedolphine.com\/index.php\/case\/herlev-sterilcentral\/\"><\/a>\n<div class=\"gb-container gb-container-05240d5c\">\n<div class=\"gb-headline gb-headline-9fe07827 gb-headline-text gbp-card__meta-text\">Region Hovedstaden<\/div>\n\n<h3 class=\"gb-headline gb-headline-79bfd97e gb-headline-text gbp-card__title\"><a href=\"https:\/\/testinstallation.andthedolphine.com\/index.php\/case\/herlev-sterilcentral\/\">Herlev Sterilcentral<\/a><\/h3>\n<\/div>\n\n<div class=\"gb-container gb-container-e7ac0be2\">\n<figure class=\"gb-block-image gb-block-image-4d3bfc15\"><a href=\"https:\/\/testinstallation.andthedolphine.com\/index.php\/case\/herlev-sterilcentral\/\"><img loading=\"lazy\" decoding=\"async\" width=\"150\" height=\"150\" src=\"https:\/\/testinstallation.andthedolphine.com\/wp-content\/uploads\/2024\/08\/Herlev_sterilcentral.solarpolaris-150x150.jpg\" class=\"gb-image-4d3bfc15\" alt=\"\" \/><\/a><\/figure>\n<\/div>\n\n<div class=\"gb-container gb-container-553504e2\">\n<div class=\"gb-container gb-container-d021c636\">\n<div class=\"gb-headline gb-headline-d124497a gb-headline-text\"><span class=\"post-term-item term-tag\">Tag<\/span><\/div>\n\n<div class=\"gb-headline gb-headline-e9810d98 gb-headline-text\">2017-218<\/div>\n<\/div>\n<\/div>\n<\/div><\/div>\n\n<div class=\"gb-grid-column gb-grid-column-107bfe9f gb-query-loop-item post-1039 case type-case status-publish has-post-thumbnail hentry tag-tag\"><div class=\"gb-container gb-container-107bfe9f gbp-card shadow\"><a class=\"gb-container-link\" href=\"https:\/\/testinstallation.andthedolphine.com\/index.php\/case\/vilberg-ungdomsskole\/\"><\/a>\n<div class=\"gb-container gb-container-05240d5c\">\n<div class=\"gb-headline gb-headline-9fe07827 gb-headline-text gbp-card__meta-text\">Akershus Regionen<\/div>\n\n<h3 class=\"gb-headline gb-headline-79bfd97e gb-headline-text gbp-card__title\"><a href=\"https:\/\/testinstallation.andthedolphine.com\/index.php\/case\/vilberg-ungdomsskole\/\">Vilberg Ungdomsskole<\/a><\/h3>\n<\/div>\n\n<div class=\"gb-container gb-container-e7ac0be2\">\n<figure class=\"gb-block-image gb-block-image-4d3bfc15\"><a href=\"https:\/\/testinstallation.andthedolphine.com\/index.php\/case\/vilberg-ungdomsskole\/\"><img loading=\"lazy\" decoding=\"async\" width=\"150\" height=\"150\" src=\"https:\/\/testinstallation.andthedolphine.com\/wp-content\/uploads\/2024\/08\/Vilberg-150x150.jpg\" class=\"gb-image-4d3bfc15\" alt=\"\" \/><\/a><\/figure>\n<\/div>\n\n<div class=\"gb-container gb-container-553504e2\">\n<div class=\"gb-container gb-container-d021c636\">\n<div class=\"gb-headline gb-headline-d124497a gb-headline-text\"><span class=\"post-term-item term-tag\">Tag<\/span><\/div>\n\n<div class=\"gb-headline gb-headline-e9810d98 gb-headline-text\">2019<\/div>\n<\/div>\n<\/div>\n<\/div><\/div>\n\n<div class=\"gb-grid-column gb-grid-column-107bfe9f gb-query-loop-item post-1035 case type-case status-publish has-post-thumbnail hentry tag-tag\"><div class=\"gb-container gb-container-107bfe9f gbp-card shadow\"><a class=\"gb-container-link\" href=\"https:\/\/testinstallation.andthedolphine.com\/index.php\/case\/oehuset\/\"><\/a>\n<div class=\"gb-container gb-container-05240d5c\">\n<div class=\"gb-headline gb-headline-9fe07827 gb-headline-text gbp-card__meta-text\">Sj\u00e6ls\u00f8<\/div>\n\n<h3 class=\"gb-headline gb-headline-79bfd97e gb-headline-text gbp-card__title\"><a href=\"https:\/\/testinstallation.andthedolphine.com\/index.php\/case\/oehuset\/\">\u00d8huset<\/a><\/h3>\n<\/div>\n\n<div class=\"gb-container gb-container-e7ac0be2\">\n<figure class=\"gb-block-image gb-block-image-4d3bfc15\"><a href=\"https:\/\/testinstallation.andthedolphine.com\/index.php\/case\/oehuset\/\"><img loading=\"lazy\" decoding=\"async\" width=\"150\" height=\"150\" src=\"https:\/\/testinstallation.andthedolphine.com\/wp-content\/uploads\/2024\/08\/Skraafoto-Oehuset-rev.-1-150x150.jpg\" class=\"gb-image-4d3bfc15\" alt=\"\" \/><\/a><\/figure>\n<\/div>\n\n<div class=\"gb-container gb-container-553504e2\">\n<div class=\"gb-container gb-container-d021c636\">\n<div class=\"gb-headline gb-headline-d124497a gb-headline-text\"><span class=\"post-term-item term-tag\">Tag<\/span><\/div>\n\n<div class=\"gb-headline gb-headline-e9810d98 gb-headline-text\">2017 &#8211; 2018<\/div>\n<\/div>\n<\/div>\n<\/div><\/div>\n\n<div class=\"gb-grid-column gb-grid-column-107bfe9f gb-query-loop-item post-1001 case type-case status-publish has-post-thumbnail hentry tag-overdaekning\"><div class=\"gb-container gb-container-107bfe9f gbp-card shadow\"><a class=\"gb-container-link\" href=\"https:\/\/testinstallation.andthedolphine.com\/index.php\/case\/solceller-solar-broendby-p-anlaeg\/\"><\/a>\n<div class=\"gb-container gb-container-05240d5c\">\n<div class=\"gb-headline gb-headline-9fe07827 gb-headline-text gbp-card__meta-text\">Solar A\/S<\/div>\n\n<h3 class=\"gb-headline gb-headline-79bfd97e gb-headline-text gbp-card__title\"><a href=\"https:\/\/testinstallation.andthedolphine.com\/index.php\/case\/solceller-solar-broendby-p-anlaeg\/\">Solceller Solar Br\u00f8ndby \u2013 P-anl\u00e6g<\/a><\/h3>\n<\/div>\n\n<div class=\"gb-container gb-container-e7ac0be2\">\n<figure class=\"gb-block-image gb-block-image-4d3bfc15\"><a href=\"https:\/\/testinstallation.andthedolphine.com\/index.php\/case\/solceller-solar-broendby-p-anlaeg\/\"><img loading=\"lazy\" decoding=\"async\" width=\"150\" height=\"150\" src=\"https:\/\/testinstallation.andthedolphine.com\/wp-content\/uploads\/2024\/08\/Solar-P-anlaeg-900x600-1-150x150.jpg\" class=\"gb-image-4d3bfc15\" alt=\"\" \/><\/a><\/figure>\n<\/div>\n\n<div class=\"gb-container gb-container-553504e2\">\n<div class=\"gb-container gb-container-d021c636\">\n<div class=\"gb-headline gb-headline-d124497a gb-headline-text\"><span class=\"post-term-item term-overdaekning\">Overd\u00e6kning<\/span><\/div>\n\n<div class=\"gb-headline gb-headline-e9810d98 gb-headline-text\">2022<\/div>\n<\/div>\n<\/div>\n<\/div><\/div>\n<\/div>\n\n<div class=\"gb-container gb-container-4305e30c gb-query-loop-pagination\">\n\n\n<span class=\"gb-button gb-button-95cf11a9 gb-button-text page-numbers gb-block-is-current\" aria-current=\"page\">1<\/span><a class=\"gb-button gb-button-95cf11a9 gb-button-text page-numbers\" href=\"?query-d8e65c1d-page=2\">2<\/a><a class=\"gb-button gb-button-95cf11a9 gb-button-text page-numbers\" href=\"?query-d8e65c1d-page=3\">3<\/a><span class=\"gb-button gb-button-95cf11a9 gb-button-text page-numbers dots\">\u2026<\/span><a class=\"gb-button gb-button-95cf11a9 gb-button-text page-numbers\" href=\"?query-d8e65c1d-page=6\">6<\/a>\n\n<a class=\"gb-button gb-button-be917d58 gb-button-text\" href=\"\/index.php\/wp-json\/wp\/v2\/pages\/68?query-d8e65c1d-page=2\">N\u00e6ste<\/a>\n<\/div>\n\n<\/div>\n\n<div class=\"gb-container gb-container-badafff8 gb-tabs__item\" id=\"tage\">\n\n<div class=\"gb-grid-wrapper gb-grid-wrapper-1cc80fe1 gb-query-loop-wrapper\"><\/div>\n\n<div class=\"gb-container gb-container-dead9a63 gb-query-loop-pagination\">\n\n\n\n\n\n<\/div>\n\n<\/div>\n\n<div class=\"gb-container gb-container-ed721656 gb-tabs__item\" id=\"marker\">\n\n<div class=\"gb-grid-wrapper gb-grid-wrapper-87a5d46d gb-query-loop-wrapper\">\n<div class=\"gb-grid-column gb-grid-column-e0eb0385 gb-query-loop-item post-1069 case type-case status-publish has-post-thumbnail hentry tag-mark\"><div class=\"gb-container gb-container-e0eb0385 gbp-card shadow\"><a class=\"gb-container-link\" href=\"https:\/\/testinstallation.andthedolphine.com\/index.php\/case\/sumba-faeroeerne\/\"><\/a>\n<div class=\"gb-container gb-container-d85c9d36\">\n<div class=\"gb-headline gb-headline-6690e000 gb-headline-text gbp-card__meta-text\">SEV<\/div>\n\n<h3 class=\"gb-headline gb-headline-13f611da gb-headline-text gbp-card__title\"><a href=\"https:\/\/testinstallation.andthedolphine.com\/index.php\/case\/sumba-faeroeerne\/\">Sumba F\u00e6r\u00f8erne<\/a><\/h3>\n<\/div>\n\n<div class=\"gb-container gb-container-d7acf730\">\n<figure class=\"gb-block-image gb-block-image-6f519371\"><a href=\"https:\/\/testinstallation.andthedolphine.com\/index.php\/case\/sumba-faeroeerne\/\"><img loading=\"lazy\" decoding=\"async\" width=\"150\" height=\"150\" src=\"https:\/\/testinstallation.andthedolphine.com\/wp-content\/uploads\/2024\/08\/sumba.portfolio.solarpolaris-150x150.jpg\" class=\"gb-image-6f519371\" alt=\"\" \/><\/a><\/figure>\n<\/div>\n\n<div class=\"gb-container gb-container-6c34df5b\">\n<div class=\"gb-container gb-container-82573a5e\">\n<div class=\"gb-headline gb-headline-06ebd78a gb-headline-text\"><span class=\"post-term-item term-mark\">Mark<\/span><\/div>\n\n<div class=\"gb-headline gb-headline-83b5a374 gb-headline-text\">2019<\/div>\n<\/div>\n<\/div>\n<\/div><\/div>\n\n<div class=\"gb-grid-column gb-grid-column-e0eb0385 gb-query-loop-item post-1055 case type-case status-publish has-post-thumbnail hentry tag-mark\"><div class=\"gb-container gb-container-e0eb0385 gbp-card shadow\"><a class=\"gb-container-link\" href=\"https:\/\/testinstallation.andthedolphine.com\/index.php\/case\/naturkraft\/\"><\/a>\n<div class=\"gb-container gb-container-d85c9d36\">\n<div class=\"gb-headline gb-headline-6690e000 gb-headline-text gbp-card__meta-text\">Ejendomsfonden Naturkraft<\/div>\n\n<h3 class=\"gb-headline gb-headline-13f611da gb-headline-text gbp-card__title\"><a href=\"https:\/\/testinstallation.andthedolphine.com\/index.php\/case\/naturkraft\/\">Naturkraft<\/a><\/h3>\n<\/div>\n\n<div class=\"gb-container gb-container-d7acf730\">\n<figure class=\"gb-block-image gb-block-image-6f519371\"><a href=\"https:\/\/testinstallation.andthedolphine.com\/index.php\/case\/naturkraft\/\"><img loading=\"lazy\" decoding=\"async\" width=\"150\" height=\"150\" src=\"https:\/\/testinstallation.andthedolphine.com\/wp-content\/uploads\/2024\/04\/Naturkraft-900x600-1-150x150.webp\" class=\"gb-image-6f519371\" alt=\"\" \/><\/a><\/figure>\n<\/div>\n\n<div class=\"gb-container gb-container-6c34df5b\">\n<div class=\"gb-container gb-container-82573a5e\">\n<div class=\"gb-headline gb-headline-06ebd78a gb-headline-text\"><span class=\"post-term-item term-mark\">Mark<\/span><\/div>\n\n<div class=\"gb-headline gb-headline-83b5a374 gb-headline-text\">2020<\/div>\n<\/div>\n<\/div>\n<\/div><\/div>\n<\/div>\n\n<div class=\"gb-container gb-container-7a5db6f0 gb-query-loop-pagination\">\n\n\n\n\n\n<\/div>\n\n<\/div>\n\n<div class=\"gb-container gb-container-f82b504e gb-tabs__item\" id=\"overdaekning\">\n\n<div class=\"gb-grid-wrapper gb-grid-wrapper-2c36a5e1 gb-query-loop-wrapper\"><\/div>\n\n<div class=\"gb-container gb-container-bce7afe4 gb-query-loop-pagination\">\n\n\n\n\n\n<\/div>\n\n<\/div>\n<\/div>\n<\/div>\n<\/div>\n<\/div>","protected":false},"excerpt":{"rendered":"<p>Lad os inspirerer dig til dit n\u00e6ste projekt Produkter og tjenester Solar Polaris er specialiseret i at levere avancerede solcellel\u00f8sninger til virksomheder og offentlige institutioner. Vi tilbyder en bred vifte af produkter og tjenester, der sikrer optimal udnyttelse af solenergi til forskellige behov. Vores l\u00f8sninger omfatter:<\/p>\n","protected":false},"author":1,"featured_media":0,"parent":0,"menu_order":0,"comment_status":"closed","ping_status":"closed","template":"","meta":{"_acf_changed":false,"footnotes":""},"class_list":["post-68","page","type-page","status-publish"],"acf":[],"_links":{"self":[{"href":"https:\/\/testinstallation.andthedolphine.com\/index.php\/wp-json\/wp\/v2\/pages\/68","targetHints":{"allow":["GET"]}}],"collection":[{"href":"https:\/\/testinstallation.andthedolphine.com\/index.php\/wp-json\/wp\/v2\/pages"}],"about":[{"href":"https:\/\/testinstallation.andthedolphine.com\/index.php\/wp-json\/wp\/v2\/types\/page"}],"author":[{"embeddable":true,"href":"https:\/\/testinstallation.andthedolphine.com\/index.php\/wp-json\/wp\/v2\/users\/1"}],"replies":[{"embeddable":true,"href":"https:\/\/testinstallation.andthedolphine.com\/index.php\/wp-json\/wp\/v2\/comments?post=68"}],"version-history":[{"count":0,"href":"https:\/\/testinstallation.andthedolphine.com\/index.php\/wp-json\/wp\/v2\/pages\/68\/revisions"}],"wp:attachment":[{"href":"https:\/\/testinstallation.andthedolphine.com\/index.php\/wp-json\/wp\/v2\/media?parent=68"}],"curies":[{"name":"wp","href":"https:\/\/api.w.org\/{rel}","templated":true}]}}