{"id":2310,"date":"2024-10-31T13:49:04","date_gmt":"2024-10-31T13:49:04","guid":{"rendered":"https:\/\/solarpolaris.hurtigehjemmesider.dk\/?page_id=2310"},"modified":"2024-10-31T13:49:04","modified_gmt":"2024-10-31T13:49:04","slug":"drift-vedligeholdelse-om","status":"publish","type":"page","link":"https:\/\/testinstallation.andthedolphine.com\/index.php\/drift-vedligeholdelse-om\/","title":{"rendered":"Drift &amp; Vedligeholdelse"},"content":{"rendered":"<section class=\"gb-container gb-container-46287441 gbp-section\">\n<div class=\"gb-container gb-container-d23a29ab gbp-section__inner\">\n<div class=\"gb-container gb-container-2a48dc36\">\n\n<h1 class=\"gb-headline gb-headline-1512e882 gb-headline-text gbp-section__tagline\">F\u00e5 mest muligt ud af dit solcelleanl\u00e6g<\/h1>\n\n\n\n<h1 class=\"gb-headline gb-headline-8c50ff43 gb-headline-text gbp-section__headline\">Drift &amp; Vedligeholdelse<\/h1>\n\n\n\n<div class=\"gb-headline gb-headline-0c63feb9 gb-headline-text gbp-section__text db-lg-text\">Vi tilbyder en alt-i-en-l\u00f8sning, der sikrer og forbedrer dine solcelleanl\u00e6g for at maksimere produktionen. Vores proaktive vedligeholdelse og t\u00e6t overv\u00e5gning af din solpark i vores Control Room sikrer en problemfri drift. Skulle der opst\u00e5 problemer, garanterer vi korte reaktions- og stilstandstider, da vores O&amp;M-partnere er lokalt til stede og hurtigt kan tr\u00e6de til.<br><br>Med mere end 15 \u00e5rs erfaring er vi din p\u00e5lidelige og professionelle O&amp;M-partner.<\/div>\n\n\n\n<figure class=\"gb-block-image gb-block-image-eea361c7\"><img loading=\"lazy\" decoding=\"async\" width=\"1194\" height=\"668\" class=\"gb-image gb-image-eea361c7 shadow__light round-corners\" src=\"https:\/\/testinstallation.andthedolphine.com\/wp-content\/uploads\/2024\/10\/Skaermbillede-2024-10-31-kl.-14.53.21.png\" alt=\"\" title=\"Sk\u00e6rmbillede 2024-10-31 kl. 14.53.21\" srcset=\"https:\/\/testinstallation.andthedolphine.com\/wp-content\/uploads\/2024\/10\/Skaermbillede-2024-10-31-kl.-14.53.21.png 1194w, https:\/\/testinstallation.andthedolphine.com\/wp-content\/uploads\/2024\/10\/Skaermbillede-2024-10-31-kl.-14.53.21-300x168.png 300w, https:\/\/testinstallation.andthedolphine.com\/wp-content\/uploads\/2024\/10\/Skaermbillede-2024-10-31-kl.-14.53.21-1024x573.png 1024w, https:\/\/testinstallation.andthedolphine.com\/wp-content\/uploads\/2024\/10\/Skaermbillede-2024-10-31-kl.-14.53.21-768x430.png 768w\" sizes=\"auto, (max-width: 1194px) 100vw, 1194px\" \/><\/figure>\n\n\n\n<h2 class=\"gb-headline gb-headline-75c480ef gb-headline-text headline__secondary\">Hvorfor v\u00e6lge Solar Polaris til <br>drift &amp; vedligeholdelse?<\/h2>\n\n<\/div>\n<\/div>\n<\/section>\n\n<div class=\"gb-container gb-container-54dabf23 gbp-section\">\n<div class=\"gb-container gb-container-39ca7b38\">\n<div class=\"gb-grid-wrapper gb-grid-wrapper-7c36159e\">\n<div class=\"gb-grid-column gb-grid-column-049e4082\"><div class=\"gb-container gb-container-049e4082 gbp-card blockanimation shadow\">\n\n<h3 class=\"gb-headline gb-headline-52083396 gb-headline-text gbp-section__headline\"><strong>Performance Services: <\/strong><br><strong>Proaktiv vedligeholdelse for en problemfri drift<\/strong><\/h3>\n\n\n\n<div class=\"gb-headline gb-headline-8ae0d6b9 gb-headline-text gbp-section__text\">Vi holder konstant \u00f8je med dit solcellenl\u00e6g gennem vores SCADA system, hvor vi overv\u00e5ger anl\u00e6gsdata i realtid. Vi analyserer disse data og sammenligner driften af forskellige anl\u00e6g ved hj\u00e6lp af avancerede analyser. Dette g\u00f8r os i stand til at r\u00e5dgive dig om, hvordan du kan optimere driften. Vi kan forudse og forhindre potentielle problemer ved at kombinere data fra vedligeholdelsesarbejde og komponentservice. Derudover bruger vi vejrudsigts- og solindstr\u00e5lingsdata til at lave pr\u00e6cise prognoser for fremtidig produktion.<\/div>\n\n<\/div><\/div>\n\n<div class=\"gb-grid-column gb-grid-column-766b6426\"><div class=\"gb-container gb-container-766b6426 gbp-card blockanimation shadow\">\n\n<h3 class=\"gb-headline gb-headline-5dfb2477 gb-headline-text gbp-section__headline\"><strong>Teknisk Asset Management: Maksimal produktion med vores alt-i-en-l\u00f8sning<\/strong><\/h3>\n\n\n\n<div class=\"gb-headline gb-headline-ecbc20a5 gb-headline-text gbp-section__text\">Vores O&amp;M-team h\u00e5ndterer hele den tekniske drift af dine solcelleanl\u00e6g eller batterilagringssystemer, fra overv\u00e5gning og styring til forebyggende vedligeholdelse. Vi tilbyder en komplet l\u00f8sning til solinvestorer og operat\u00f8rer for at sikre og forbedre deres solparker. Vores IT-baserede Asset Management System tager h\u00f8jde for alle faktorer, der p\u00e5virker energi og tilg\u00e6ngelighed, hvilket hj\u00e6lper os med at minimere nedetid og beskytte dine anl\u00e6g p\u00e5 lang sigt.<\/div>\n\n<\/div><\/div>\n\n<div class=\"gb-grid-column gb-grid-column-38926062\"><div class=\"gb-container gb-container-38926062 gbp-card blockanimation shadow\">\n\n<h3 class=\"gb-headline gb-headline-1bf0148b gb-headline-text gbp-section__headline\"><strong>Inspektion &amp; Vedligeholdelse: <\/strong><br><strong>Hurtige reaktionstider takket v\u00e6re vores lokale O&amp;M-teams<\/strong><\/h3>\n\n\n\n<div class=\"gb-headline gb-headline-7ce4bdfa gb-headline-text gbp-section__text\">Udover overv\u00e5gning og analyse af anl\u00e6ggets ydeevne udf\u00f8rer vi ogs\u00e5 inspektioner p\u00e5 stedet. Vores teams foretager regelm\u00e6ssige tekniske inspektioner og griber hurtigt ind ved fejl. Fra en fejlanmeldelse til l\u00f8sning g\u00e5r der normalt kun f\u00e5 timer, fordi vores O&amp;M-hold er lokalt til stede. Dette sikrer korte reaktions- og stilstandstider. Vi udf\u00f8rer vedligeholdelse og inspektioner inden for mellem- og lavsp\u00e6ndingsomr\u00e5der. Derudover koordinerer vi pleje af gr\u00f8nne omr\u00e5der, reng\u00f8ring af solceller og h\u00e5ndtering af korrespondance med netoperat\u00f8rer samt naturbeskyttelses- og byggemyndigheder.<\/div>\n\n<\/div><\/div>\n<\/div>\n<\/div>\n<\/div>\n\n<div class=\"gb-container gb-container-26f05ee0 gbp-section\">\n<div class=\"gb-container gb-container-1f614208\">\n\n<h2 class=\"gb-headline gb-headline-94cd02a2 gb-headline-text gbp-section__headline\">Vi idrifts\u00e6tter dit anl\u00e6g og <br>sammen kan vi overv\u00e5ge produktionen<\/h2>\n\n\n<div class=\"gb-grid-wrapper gb-grid-wrapper-ed3b01a2\">\n<div class=\"gb-grid-column gb-grid-column-d6825580\"><div class=\"gb-container gb-container-d6825580 gbp-card blockanimation shadow\">\n\n<h3 class=\"gb-headline gb-headline-4993387a gb-headline-text gbp-section__headline\"><strong>Overv\u00e5gning<\/strong><\/h3>\n\n\n\n<div class=\"gb-headline gb-headline-afcafb49 gbp-section__text\"><span class=\"gb-icon\"><svg aria-hidden=\"true\" role=\"img\" height=\"1em\" width=\"1em\" viewBox=\"0 0 512 512\" xmlns=\"http:\/\/www.w3.org\/2000\/svg\"><path fill=\"currentColor\" d=\"M173.898 439.404l-166.4-166.4c-9.997-9.997-9.997-26.206 0-36.204l36.203-36.204c9.997-9.998 26.207-9.998 36.204 0L192 312.69 432.095 72.596c9.997-9.997 26.207-9.997 36.204 0l36.203 36.204c9.997 9.997 9.997 26.206 0 36.204l-294.4 294.401c-9.998 9.997-26.207 9.997-36.204-.001z\"><\/path><\/svg><\/span><span class=\"gb-headline-text\">Webbaseret overv\u00e5gningssystem<\/span><\/div>\n\n\n\n<div class=\"gb-headline gb-headline-9a9c197b gbp-section__text\"><span class=\"gb-icon\"><svg aria-hidden=\"true\" role=\"img\" height=\"1em\" width=\"1em\" viewBox=\"0 0 512 512\" xmlns=\"http:\/\/www.w3.org\/2000\/svg\"><path fill=\"currentColor\" d=\"M173.898 439.404l-166.4-166.4c-9.997-9.997-9.997-26.206 0-36.204l36.203-36.204c9.997-9.998 26.207-9.998 36.204 0L192 312.69 432.095 72.596c9.997-9.997 26.207-9.997 36.204 0l36.203 36.204c9.997 9.997 9.997 26.206 0 36.204l-294.4 294.401c-9.998 9.997-26.207 9.997-36.204-.001z\"><\/path><\/svg><\/span><span class=\"gb-headline-text\">Realtidsoverv\u00e5gning<\/span><\/div>\n\n\n\n<div class=\"gb-headline gb-headline-fbf489d0 gbp-section__text\"><span class=\"gb-icon\"><svg aria-hidden=\"true\" role=\"img\" height=\"1em\" width=\"1em\" viewBox=\"0 0 512 512\" xmlns=\"http:\/\/www.w3.org\/2000\/svg\"><path fill=\"currentColor\" d=\"M173.898 439.404l-166.4-166.4c-9.997-9.997-9.997-26.206 0-36.204l36.203-36.204c9.997-9.998 26.207-9.998 36.204 0L192 312.69 432.095 72.596c9.997-9.997 26.207-9.997 36.204 0l36.203 36.204c9.997 9.997 9.997 26.206 0 36.204l-294.4 294.401c-9.998 9.997-26.207 9.997-36.204-.001z\"><\/path><\/svg><\/span><span class=\"gb-headline-text\">Fejldetektion &amp; diagnose<\/span><\/div>\n\n\n\n<div class=\"gb-headline gb-headline-8762b1fc gbp-section__text\"><span class=\"gb-icon\"><svg aria-hidden=\"true\" role=\"img\" height=\"1em\" width=\"1em\" viewBox=\"0 0 512 512\" xmlns=\"http:\/\/www.w3.org\/2000\/svg\"><path fill=\"currentColor\" d=\"M173.898 439.404l-166.4-166.4c-9.997-9.997-9.997-26.206 0-36.204l36.203-36.204c9.997-9.998 26.207-9.998 36.204 0L192 312.69 432.095 72.596c9.997-9.997 26.207-9.997 36.204 0l36.203 36.204c9.997 9.997 9.997 26.206 0 36.204l-294.4 294.401c-9.998 9.997-26.207 9.997-36.204-.001z\"><\/path><\/svg><\/span><span class=\"gb-headline-text\">Udarbejdelse af detaljerede datarapporter<\/span><\/div>\n\n<\/div><\/div>\n\n<div class=\"gb-grid-column gb-grid-column-10a11a11\"><div class=\"gb-container gb-container-10a11a11 gbp-card blockanimation shadow\">\n\n<h3 class=\"gb-headline gb-headline-f7aee0bc gb-headline-text gbp-section__headline\"><strong>Analyse<\/strong><\/h3>\n\n\n\n<div class=\"gb-headline gb-headline-6c76351c gbp-section__text\"><span class=\"gb-icon\"><svg aria-hidden=\"true\" role=\"img\" height=\"1em\" width=\"1em\" viewBox=\"0 0 512 512\" xmlns=\"http:\/\/www.w3.org\/2000\/svg\"><path fill=\"currentColor\" d=\"M173.898 439.404l-166.4-166.4c-9.997-9.997-9.997-26.206 0-36.204l36.203-36.204c9.997-9.998 26.207-9.998 36.204 0L192 312.69 432.095 72.596c9.997-9.997 26.207-9.997 36.204 0l36.203 36.204c9.997 9.997 9.997 26.206 0 36.204l-294.4 294.401c-9.998 9.997-26.207 9.997-36.204-.001z\"><\/path><\/svg><\/span><span class=\"gb-headline-text\">Analyse af solindstr\u00e5ling til energi<\/span><\/div>\n\n\n\n<div class=\"gb-headline gb-headline-51879242 gbp-section__text\"><span class=\"gb-icon\"><svg aria-hidden=\"true\" role=\"img\" height=\"1em\" width=\"1em\" viewBox=\"0 0 512 512\" xmlns=\"http:\/\/www.w3.org\/2000\/svg\"><path fill=\"currentColor\" d=\"M173.898 439.404l-166.4-166.4c-9.997-9.997-9.997-26.206 0-36.204l36.203-36.204c9.997-9.998 26.207-9.998 36.204 0L192 312.69 432.095 72.596c9.997-9.997 26.207-9.997 36.204 0l36.203 36.204c9.997 9.997 9.997 26.206 0 36.204l-294.4 294.401c-9.998 9.997-26.207 9.997-36.204-.001z\"><\/path><\/svg><\/span><span class=\"gb-headline-text\">Analyser til forbedring af ydeevne<\/span><\/div>\n\n\n\n<div class=\"gb-headline gb-headline-b3243098 gbp-section__text\"><span class=\"gb-icon\"><svg aria-hidden=\"true\" role=\"img\" height=\"1em\" width=\"1em\" viewBox=\"0 0 512 512\" xmlns=\"http:\/\/www.w3.org\/2000\/svg\"><path fill=\"currentColor\" d=\"M173.898 439.404l-166.4-166.4c-9.997-9.997-9.997-26.206 0-36.204l36.203-36.204c9.997-9.998 26.207-9.998 36.204 0L192 312.69 432.095 72.596c9.997-9.997 26.207-9.997 36.204 0l36.203 36.204c9.997 9.997 9.997 26.206 0 36.204l-294.4 294.401c-9.998 9.997-26.207 9.997-36.204-.001z\"><\/path><\/svg><\/span><span class=\"gb-headline-text\">Inkludering af meteorologiske data<\/span><\/div>\n\n<\/div><\/div>\n\n<div class=\"gb-grid-column gb-grid-column-7fd7631a\"><div class=\"gb-container gb-container-7fd7631a gbp-card blockanimation shadow\">\n\n<h3 class=\"gb-headline gb-headline-ed9f9d14 gb-headline-text gbp-section__headline\"><strong>Fjernadgang<\/strong><\/h3>\n\n\n\n<div class=\"gb-headline gb-headline-e46b274b gbp-section__text\"><span class=\"gb-icon\"><svg aria-hidden=\"true\" role=\"img\" height=\"1em\" width=\"1em\" viewBox=\"0 0 512 512\" xmlns=\"http:\/\/www.w3.org\/2000\/svg\"><path fill=\"currentColor\" d=\"M173.898 439.404l-166.4-166.4c-9.997-9.997-9.997-26.206 0-36.204l36.203-36.204c9.997-9.998 26.207-9.998 36.204 0L192 312.69 432.095 72.596c9.997-9.997 26.207-9.997 36.204 0l36.203 36.204c9.997 9.997 9.997 26.206 0 36.204l-294.4 294.401c-9.998 9.997-26.207 9.997-36.204-.001z\"><\/path><\/svg><\/span><span class=\"gb-headline-text\">Styring af solparken<\/span><\/div>\n\n\n\n<div class=\"gb-headline gb-headline-43dfd969 gbp-section__text\"><span class=\"gb-icon\"><svg aria-hidden=\"true\" role=\"img\" height=\"1em\" width=\"1em\" viewBox=\"0 0 512 512\" xmlns=\"http:\/\/www.w3.org\/2000\/svg\"><path fill=\"currentColor\" d=\"M173.898 439.404l-166.4-166.4c-9.997-9.997-9.997-26.206 0-36.204l36.203-36.204c9.997-9.998 26.207-9.998 36.204 0L192 312.69 432.095 72.596c9.997-9.997 26.207-9.997 36.204 0l36.203 36.204c9.997 9.997 9.997 26.206 0 36.204l-294.4 294.401c-9.998 9.997-26.207 9.997-36.204-.001z\"><\/path><\/svg><\/span><span class=\"gb-headline-text\">Softwareopdateringer via fjernadgang<\/span><\/div>\n\n\n\n<div class=\"gb-headline gb-headline-21150ba7 gbp-section__text\"><span class=\"gb-icon\"><svg aria-hidden=\"true\" role=\"img\" height=\"1em\" width=\"1em\" viewBox=\"0 0 512 512\" xmlns=\"http:\/\/www.w3.org\/2000\/svg\"><path fill=\"currentColor\" d=\"M173.898 439.404l-166.4-166.4c-9.997-9.997-9.997-26.206 0-36.204l36.203-36.204c9.997-9.998 26.207-9.998 36.204 0L192 312.69 432.095 72.596c9.997-9.997 26.207-9.997 36.204 0l36.203 36.204c9.997 9.997 9.997 26.206 0 36.204l-294.4 294.401c-9.998 9.997-26.207 9.997-36.204-.001z\"><\/path><\/svg><\/span><span class=\"gb-headline-text\">Fjernadgang til invertere<\/span><\/div>\n\n\n\n<div class=\"gb-headline gb-headline-970b5e34 gbp-section__text\"><span class=\"gb-icon\"><svg aria-hidden=\"true\" role=\"img\" height=\"1em\" width=\"1em\" viewBox=\"0 0 512 512\" xmlns=\"http:\/\/www.w3.org\/2000\/svg\"><path fill=\"currentColor\" d=\"M173.898 439.404l-166.4-166.4c-9.997-9.997-9.997-26.206 0-36.204l36.203-36.204c9.997-9.998 26.207-9.998 36.204 0L192 312.69 432.095 72.596c9.997-9.997 26.207-9.997 36.204 0l36.203 36.204c9.997 9.997 9.997 26.206 0 36.204l-294.4 294.401c-9.998 9.997-26.207 9.997-36.204-.001z\"><\/path><\/svg><\/span><span class=\"gb-headline-text\">Fjernadgang til kommunikationskomponenter<\/span><\/div>\n\n<\/div><\/div>\n\n<div class=\"gb-grid-column gb-grid-column-4b08413b\"><div class=\"gb-container gb-container-4b08413b gbp-card blockanimation shadow\">\n\n<h3 class=\"gb-headline gb-headline-ab6e2620 gb-headline-text gbp-section__headline\"><strong>Garantier<\/strong><\/h3>\n\n\n\n<div class=\"gb-headline gb-headline-d922415b gbp-section__text\"><span class=\"gb-icon\"><svg aria-hidden=\"true\" role=\"img\" height=\"1em\" width=\"1em\" viewBox=\"0 0 512 512\" xmlns=\"http:\/\/www.w3.org\/2000\/svg\"><path fill=\"currentColor\" d=\"M173.898 439.404l-166.4-166.4c-9.997-9.997-9.997-26.206 0-36.204l36.203-36.204c9.997-9.998 26.207-9.998 36.204 0L192 312.69 432.095 72.596c9.997-9.997 26.207-9.997 36.204 0l36.203 36.204c9.997 9.997 9.997 26.206 0 36.204l-294.4 294.401c-9.998 9.997-26.207 9.997-36.204-.001z\"><\/path><\/svg><\/span><span class=\"gb-headline-text\">Tilg\u00e6ngelighedsgaranti<\/span><\/div>\n\n\n\n<div class=\"gb-headline gb-headline-58d5e496 gbp-section__text\"><span class=\"gb-icon\"><svg aria-hidden=\"true\" role=\"img\" height=\"1em\" width=\"1em\" viewBox=\"0 0 512 512\" xmlns=\"http:\/\/www.w3.org\/2000\/svg\"><path fill=\"currentColor\" d=\"M173.898 439.404l-166.4-166.4c-9.997-9.997-9.997-26.206 0-36.204l36.203-36.204c9.997-9.998 26.207-9.998 36.204 0L192 312.69 432.095 72.596c9.997-9.997 26.207-9.997 36.204 0l36.203 36.204c9.997 9.997 9.997 26.206 0 36.204l-294.4 294.401c-9.998 9.997-26.207 9.997-36.204-.001z\"><\/path><\/svg><\/span><span class=\"gb-headline-text\">Garanteret reaktionstid<\/span><\/div>\n\n\n\n<div class=\"gb-headline gb-headline-6c0e0666 gbp-section__text\"><span class=\"gb-icon\"><svg aria-hidden=\"true\" role=\"img\" height=\"1em\" width=\"1em\" viewBox=\"0 0 512 512\" xmlns=\"http:\/\/www.w3.org\/2000\/svg\"><path fill=\"currentColor\" d=\"M173.898 439.404l-166.4-166.4c-9.997-9.997-9.997-26.206 0-36.204l36.203-36.204c9.997-9.998 26.207-9.998 36.204 0L192 312.69 432.095 72.596c9.997-9.997 26.207-9.997 36.204 0l36.203 36.204c9.997 9.997 9.997 26.206 0 36.204l-294.4 294.401c-9.998 9.997-26.207 9.997-36.204-.001z\"><\/path><\/svg><\/span><span class=\"gb-headline-text\">Ydelsesgaranti<\/span><\/div>\n\n<\/div><\/div>\n\n<div class=\"gb-grid-column gb-grid-column-fd467511\"><div class=\"gb-container gb-container-fd467511 gbp-card blockanimation shadow\">\n\n<h3 class=\"gb-headline gb-headline-3aaba694 gb-headline-text gbp-section__headline\"><strong>Teknisk Asset Management<\/strong><\/h3>\n\n\n\n<div class=\"gb-headline gb-headline-ec3bf06e gbp-section__text\"><span class=\"gb-icon\"><svg aria-hidden=\"true\" role=\"img\" height=\"1em\" width=\"1em\" viewBox=\"0 0 512 512\" xmlns=\"http:\/\/www.w3.org\/2000\/svg\"><path fill=\"currentColor\" d=\"M173.898 439.404l-166.4-166.4c-9.997-9.997-9.997-26.206 0-36.204l36.203-36.204c9.997-9.998 26.207-9.998 36.204 0L192 312.69 432.095 72.596c9.997-9.997 26.207-9.997 36.204 0l36.203 36.204c9.997 9.997 9.997 26.206 0 36.204l-294.4 294.401c-9.998 9.997-26.207 9.997-36.204-.001z\"><\/path><\/svg><\/span><span class=\"gb-headline-text\">Servicerapporter<\/span><\/div>\n\n\n\n<div class=\"gb-headline gb-headline-9bd4dada gbp-section__text\"><span class=\"gb-icon\"><svg aria-hidden=\"true\" role=\"img\" height=\"1em\" width=\"1em\" viewBox=\"0 0 512 512\" xmlns=\"http:\/\/www.w3.org\/2000\/svg\"><path fill=\"currentColor\" d=\"M173.898 439.404l-166.4-166.4c-9.997-9.997-9.997-26.206 0-36.204l36.203-36.204c9.997-9.998 26.207-9.998 36.204 0L192 312.69 432.095 72.596c9.997-9.997 26.207-9.997 36.204 0l36.203 36.204c9.997 9.997 9.997 26.206 0 36.204l-294.4 294.401c-9.998 9.997-26.207 9.997-36.204-.001z\"><\/path><\/svg><\/span><span class=\"gb-headline-text\">Reservedelsstyring<\/span><\/div>\n\n\n\n<div class=\"gb-headline gb-headline-e4f9bdd0 gbp-section__text\"><span class=\"gb-icon\"><svg aria-hidden=\"true\" role=\"img\" height=\"1em\" width=\"1em\" viewBox=\"0 0 512 512\" xmlns=\"http:\/\/www.w3.org\/2000\/svg\"><path fill=\"currentColor\" d=\"M173.898 439.404l-166.4-166.4c-9.997-9.997-9.997-26.206 0-36.204l36.203-36.204c9.997-9.998 26.207-9.998 36.204 0L192 312.69 432.095 72.596c9.997-9.997 26.207-9.997 36.204 0l36.203 36.204c9.997 9.997 9.997 26.206 0 36.204l-294.4 294.401c-9.998 9.997-26.207 9.997-36.204-.001z\"><\/path><\/svg><\/span><span class=\"gb-headline-text\">Garantih\u00e5ndtering<\/span><\/div>\n\n\n\n<div class=\"gb-headline gb-headline-f1ca1213 gbp-section__text\"><span class=\"gb-icon\"><svg aria-hidden=\"true\" role=\"img\" height=\"1em\" width=\"1em\" viewBox=\"0 0 512 512\" xmlns=\"http:\/\/www.w3.org\/2000\/svg\"><path fill=\"currentColor\" d=\"M173.898 439.404l-166.4-166.4c-9.997-9.997-9.997-26.206 0-36.204l36.203-36.204c9.997-9.998 26.207-9.998 36.204 0L192 312.69 432.095 72.596c9.997-9.997 26.207-9.997 36.204 0l36.203 36.204c9.997 9.997 9.997 26.206 0 36.204l-294.4 294.401c-9.998 9.997-26.207 9.997-36.204-.001z\"><\/path><\/svg><\/span><span class=\"gb-headline-text\">Dokumenth\u00e5ndteringssystem<\/span><\/div>\n\n\n\n<div class=\"gb-headline gb-headline-705d8842 gbp-section__text\"><span class=\"gb-icon\"><svg aria-hidden=\"true\" role=\"img\" height=\"1em\" width=\"1em\" viewBox=\"0 0 512 512\" xmlns=\"http:\/\/www.w3.org\/2000\/svg\"><path fill=\"currentColor\" d=\"M173.898 439.404l-166.4-166.4c-9.997-9.997-9.997-26.206 0-36.204l36.203-36.204c9.997-9.998 26.207-9.998 36.204 0L192 312.69 432.095 72.596c9.997-9.997 26.207-9.997 36.204 0l36.203 36.204c9.997 9.997 9.997 26.206 0 36.204l-294.4 294.401c-9.998 9.997-26.207 9.997-36.204-.001z\"><\/path><\/svg><\/span><span class=\"gb-headline-text\">H\u00e5ndtering af underleverand\u00f8rer<\/span><\/div>\n\n<\/div><\/div>\n\n<div class=\"gb-grid-column gb-grid-column-3c017ac2\"><div class=\"gb-container gb-container-3c017ac2 gbp-card blockanimation shadow\">\n\n<h3 class=\"gb-headline gb-headline-dcf9ff77 gb-headline-text gbp-section__headline\"><strong>Inspektion &amp; Vedligeholdelse<\/strong><\/h3>\n\n\n\n<div class=\"gb-headline gb-headline-8bd3f990 gbp-section__text\"><span class=\"gb-icon\"><svg aria-hidden=\"true\" role=\"img\" height=\"1em\" width=\"1em\" viewBox=\"0 0 512 512\" xmlns=\"http:\/\/www.w3.org\/2000\/svg\"><path fill=\"currentColor\" d=\"M173.898 439.404l-166.4-166.4c-9.997-9.997-9.997-26.206 0-36.204l36.203-36.204c9.997-9.998 26.207-9.998 36.204 0L192 312.69 432.095 72.596c9.997-9.997 26.207-9.997 36.204 0l36.203 36.204c9.997 9.997 9.997 26.206 0 36.204l-294.4 294.401c-9.998 9.997-26.207 9.997-36.204-.001z\"><\/path><\/svg><\/span><span class=\"gb-headline-text\">Termografi<\/span><\/div>\n\n\n\n<div class=\"gb-headline gb-headline-ce8aadf5 gbp-section__text\"><span class=\"gb-icon\"><svg aria-hidden=\"true\" role=\"img\" height=\"1em\" width=\"1em\" viewBox=\"0 0 512 512\" xmlns=\"http:\/\/www.w3.org\/2000\/svg\"><path fill=\"currentColor\" d=\"M173.898 439.404l-166.4-166.4c-9.997-9.997-9.997-26.206 0-36.204l36.203-36.204c9.997-9.998 26.207-9.998 36.204 0L192 312.69 432.095 72.596c9.997-9.997 26.207-9.997 36.204 0l36.203 36.204c9.997 9.997 9.997 26.206 0 36.204l-294.4 294.401c-9.998 9.997-26.207 9.997-36.204-.001z\"><\/path><\/svg><\/span><span class=\"gb-headline-text\">Reng\u00f8ring af PV-moduler<\/span><\/div>\n\n\n\n<div class=\"gb-headline gb-headline-49efaca5 gbp-section__text\"><span class=\"gb-icon\"><svg aria-hidden=\"true\" role=\"img\" height=\"1em\" width=\"1em\" viewBox=\"0 0 512 512\" xmlns=\"http:\/\/www.w3.org\/2000\/svg\"><path fill=\"currentColor\" d=\"M173.898 439.404l-166.4-166.4c-9.997-9.997-9.997-26.206 0-36.204l36.203-36.204c9.997-9.998 26.207-9.998 36.204 0L192 312.69 432.095 72.596c9.997-9.997 26.207-9.997 36.204 0l36.203 36.204c9.997 9.997 9.997 26.206 0 36.204l-294.4 294.401c-9.998 9.997-26.207 9.997-36.204-.001z\"><\/path><\/svg><\/span><span class=\"gb-headline-text\">Pleje af gr\u00f8nne omr\u00e5der<\/span><\/div>\n\n\n\n<div class=\"gb-headline gb-headline-fa9515a1 gbp-section__text\"><span class=\"gb-icon\"><svg aria-hidden=\"true\" role=\"img\" height=\"1em\" width=\"1em\" viewBox=\"0 0 512 512\" xmlns=\"http:\/\/www.w3.org\/2000\/svg\"><path fill=\"currentColor\" d=\"M173.898 439.404l-166.4-166.4c-9.997-9.997-9.997-26.206 0-36.204l36.203-36.204c9.997-9.998 26.207-9.998 36.204 0L192 312.69 432.095 72.596c9.997-9.997 26.207-9.997 36.204 0l36.203 36.204c9.997 9.997 9.997 26.206 0 36.204l-294.4 294.401c-9.998 9.997-26.207 9.997-36.204-.001z\"><\/path><\/svg><\/span><span class=\"gb-headline-text\">Inspektioner<\/span><\/div>\n\n\n\n<div class=\"gb-headline gb-headline-d3b350bc gbp-section__text\"><span class=\"gb-icon\"><svg aria-hidden=\"true\" role=\"img\" height=\"1em\" width=\"1em\" viewBox=\"0 0 512 512\" xmlns=\"http:\/\/www.w3.org\/2000\/svg\"><path fill=\"currentColor\" d=\"M173.898 439.404l-166.4-166.4c-9.997-9.997-9.997-26.206 0-36.204l36.203-36.204c9.997-9.998 26.207-9.998 36.204 0L192 312.69 432.095 72.596c9.997-9.997 26.207-9.997 36.204 0l36.203 36.204c9.997 9.997 9.997 26.206 0 36.204l-294.4 294.401c-9.998 9.997-26.207 9.997-36.204-.001z\"><\/path><\/svg><\/span><span class=\"gb-headline-text\">Vedligeholdelse i henhold til normer &amp; forskrifter<\/span><\/div>\n\n\n\n<div class=\"gb-headline gb-headline-7c2173e0 gbp-section__text\"><span class=\"gb-icon\"><svg aria-hidden=\"true\" role=\"img\" height=\"1em\" width=\"1em\" viewBox=\"0 0 512 512\" xmlns=\"http:\/\/www.w3.org\/2000\/svg\"><path fill=\"currentColor\" d=\"M173.898 439.404l-166.4-166.4c-9.997-9.997-9.997-26.206 0-36.204l36.203-36.204c9.997-9.998 26.207-9.998 36.204 0L192 312.69 432.095 72.596c9.997-9.997 26.207-9.997 36.204 0l36.203 36.204c9.997 9.997 9.997 26.206 0 36.204l-294.4 294.401c-9.998 9.997-26.207 9.997-36.204-.001z\"><\/path><\/svg><\/span><span class=\"gb-headline-text\">Vedligeholdelse og inspektion inden for mellem- og lavsp\u00e6ndingsomr\u00e5det<\/span><\/div>\n\n<\/div><\/div>\n<\/div>\n<\/div>\n<\/div>","protected":false},"excerpt":{"rendered":"<p>F\u00e5 mest muligt ud af dit solcelleanl\u00e6g Drift &amp; Vedligeholdelse Vi tilbyder en alt-i-en-l\u00f8sning, der sikrer og forbedrer dine solcelleanl\u00e6g for at maksimere produktionen. Vores proaktive vedligeholdelse og t\u00e6t overv\u00e5gning af din solpark i vores Control Room sikrer en problemfri drift. Skulle der opst\u00e5 problemer, garanterer vi korte reaktions- og stilstandstider, da vores O&amp;M-partnere er &#8230; <a title=\"Drift &amp; Vedligeholdelse\" class=\"read-more\" href=\"https:\/\/testinstallation.andthedolphine.com\/index.php\/drift-vedligeholdelse-om\/\" aria-label=\"Read more about Drift &amp; Vedligeholdelse\">L\u00e6s Mere<\/a><\/p>\n","protected":false},"author":1,"featured_media":0,"parent":0,"menu_order":0,"comment_status":"closed","ping_status":"closed","template":"","meta":{"_acf_changed":false,"footnotes":""},"class_list":["post-2310","page","type-page","status-publish"],"acf":[],"_links":{"self":[{"href":"https:\/\/testinstallation.andthedolphine.com\/index.php\/wp-json\/wp\/v2\/pages\/2310","targetHints":{"allow":["GET"]}}],"collection":[{"href":"https:\/\/testinstallation.andthedolphine.com\/index.php\/wp-json\/wp\/v2\/pages"}],"about":[{"href":"https:\/\/testinstallation.andthedolphine.com\/index.php\/wp-json\/wp\/v2\/types\/page"}],"author":[{"embeddable":true,"href":"https:\/\/testinstallation.andthedolphine.com\/index.php\/wp-json\/wp\/v2\/users\/1"}],"replies":[{"embeddable":true,"href":"https:\/\/testinstallation.andthedolphine.com\/index.php\/wp-json\/wp\/v2\/comments?post=2310"}],"version-history":[{"count":0,"href":"https:\/\/testinstallation.andthedolphine.com\/index.php\/wp-json\/wp\/v2\/pages\/2310\/revisions"}],"wp:attachment":[{"href":"https:\/\/testinstallation.andthedolphine.com\/index.php\/wp-json\/wp\/v2\/media?parent=2310"}],"curies":[{"name":"wp","href":"https:\/\/api.w.org\/{rel}","templated":true}]}}