{"id":2036,"date":"2024-10-11T08:15:07","date_gmt":"2024-10-11T08:15:07","guid":{"rendered":"https:\/\/solarpolaris.hurtigehjemmesider.dk\/?page_id=2036"},"modified":"2024-10-11T08:15:07","modified_gmt":"2024-10-11T08:15:07","slug":"taganlaeg","status":"publish","type":"page","link":"https:\/\/testinstallation.andthedolphine.com\/index.php\/taganlaeg\/","title":{"rendered":"Taganl\u00e6g"},"content":{"rendered":"<section class=\"gb-container gb-container-46287441 gbp-section\">\n<div class=\"gb-container gb-container-d23a29ab gbp-section__inner\">\n<div class=\"gb-container gb-container-2a48dc36\">\n\n<h1 class=\"gb-headline gb-headline-1512e882 gb-headline-text gbp-section__tagline\">Lad os inspirere dig til dit n\u00e6ste projekt<\/h1>\n\n\n\n<h1 class=\"gb-headline gb-headline-8c50ff43 gb-headline-text gbp-section__headline\">Tagbaserede anl\u00e6g<\/h1>\n\n\n\n<div class=\"gb-headline gb-headline-0c63feb9 gb-headline-text gbp-section__text db-lg-text\"><strong>Solar Polaris&nbsp;<\/strong>er eksperter i at designe og installere solcelleanl\u00e6g til tagmontering. Vores tagbaserede l\u00f8sninger er skr\u00e6ddersyede til at passe til enhver tagkonstruktion, hvilket sikrer optimal energiproduktion og integrering med bygningens arkitektur. Vi tilbyder b\u00e5de ballastmonterede og fastmonterede anl\u00e6g, facadel\u00f8sninger i mindre omfang samt innovative carport l\u00f8sninger.<\/div>\n\n\n<div class=\"gb-container gb-container-308a9682 shadow__light round-corners\">\n\n<figure class=\"wp-block-video\"><video height=\"1080\" style=\"aspect-ratio: 1920 \/ 1080;\" width=\"1920\" autoplay loop muted poster=\"https:\/\/testinstallation.andthedolphine.com\/wp-content\/uploads\/2024\/11\/Taganlaeg.jpg\" src=\"https:\/\/testinstallation.andthedolphine.com\/wp-content\/uploads\/2024\/11\/Taganlaeg.mp4\" playsinline><\/video><\/figure>\n\n<\/div>\n\n\n<h2 class=\"gb-headline gb-headline-75c480ef gb-headline-text headline__secondary\">Hvorfor v\u00e6lge Solar Polaris til tagbaserede anl\u00e6g?<\/h2>\n\n<\/div>\n<\/div>\n<\/section>\n\n<div class=\"gb-container gb-container-54dabf23 gbp-section\">\n<div class=\"gb-container gb-container-39ca7b38\">\n<div class=\"gb-grid-wrapper gb-grid-wrapper-7c36159e\">\n<div class=\"gb-grid-column gb-grid-column-049e4082\"><div class=\"gb-container gb-container-049e4082 gbp-card blockanimation shadow\">\n\n<h3 class=\"gb-headline gb-headline-52083396 gb-headline-text gbp-section__headline\">Ballastmonterede anl\u00e6g<\/h3>\n\n\n\n<div class=\"gb-headline gb-headline-8ae0d6b9 gb-headline-text gbp-section__text\">Ballastmonterede solcelleanl\u00e6g er ideelle til flade tage, hvor det ikke er \u00f8nskeligt eller muligt at gennembryde tagmembranen. Disse systemer v\u00e6gtes ned med ballastblokke, hvilket eliminerer behovet for gennemboring og minimerer risikoen for l\u00e6kager. Ballastmonterede l\u00f8sninger er hurtige at installere og kan forholdsvis nemt fjernes eller flyttes, hvis det er n\u00f8dvendigt.<\/div>\n\n<\/div><\/div>\n\n<div class=\"gb-grid-column gb-grid-column-766b6426\"><div class=\"gb-container gb-container-766b6426 gbp-card blockanimation shadow\">\n\n<h3 class=\"gb-headline gb-headline-5dfb2477 gb-headline-text gbp-section__headline\">Fastmonterede anl\u00e6g<\/h3>\n\n\n\n<div class=\"gb-headline gb-headline-ecbc20a5 gb-headline-text gbp-section__text\">For tage med tilstr\u00e6kkelig strukturel styrke tilbyder vi fastmonterede solcelleanl\u00e6g. Disse systemer er sikkert fastgjort til tagkonstruktionen, hvilket giver en meget robust og holdbar l\u00f8sning. Fastmonterede anl\u00e6g er velegnede til b\u00e5de skr\u00e5 og flade tage og kan tilpasses for at maksimere solindfangningen og energiproduktionen. Disse l\u00f8sninger er dog ogs\u00e5 dyrere end de ballastbaserde l\u00f8sninger.<\/div>\n\n<\/div><\/div>\n\n<div class=\"gb-grid-column gb-grid-column-38926062\"><div class=\"gb-container gb-container-38926062 gbp-card blockanimation shadow\">\n\n<h3 class=\"gb-headline gb-headline-1bf0148b gb-headline-text gbp-section__headline\">Facadel\u00f8sninger<\/h3>\n\n\n\n<div class=\"gb-headline gb-headline-7ce4bdfa gb-headline-text gbp-section__text\">Vi tilbyder ogs\u00e5 facadel\u00f8sninger, hvor solcellepaneler integreres direkte i eller p\u00e5 bygningens facade. Dette giver mulighed for at udnytte lodrette flader til energiproduktion og tilf\u00f8jer en moderne og b\u00e6redygtig \u00e6stetik til bygningen. Facadel\u00f8sninger er s\u00e6rligt velegnede til bygninger med begr\u00e6nset tagareal eller til arkitektoniske projekter, hvor design og funktionalitet skal g\u00e5 h\u00e5nd i h\u00e5nd.<\/div>\n\n<\/div><\/div>\n\n<div class=\"gb-grid-column gb-grid-column-2d828f66\"><div class=\"gb-container gb-container-2d828f66 gbp-card blockanimation shadow\">\n\n<h3 class=\"gb-headline gb-headline-fac43b89 gb-headline-text gbp-section__headline\">Carportl\u00f8sninger<\/h3>\n\n\n\n<div class=\"gb-headline gb-headline-d6775707 gb-headline-text gbp-section__text\">Vores carportl\u00f8sninger tilbyder en m\u00e5de at udnytte parkeringsarealer p\u00e5, som ofte er meget almindeligt is\u00e6r i det varme sydeuropa. Solcellepaneler monteres som tag p\u00e5 carporte, hvilket beskytter k\u00f8ret\u00f8jer mod vejrets p\u00e5virkninger og samtidig genererer gr\u00f8n energi. Carport l\u00f8sninger er ideelle for virksomheder, der \u00f8nsker at kombinere funktionalitet med b\u00e6redygtighed og maksimere brugen af deres udend\u00f8rsarealer.<\/div>\n\n<\/div><\/div>\n<\/div>\n<\/div>\n<\/div>\n\n<div class=\"gb-container gb-container-535dcec3 gbp-section\">\n<div class=\"gb-container gb-container-f6f10ec5\">\n<div class=\"gb-container gb-container-add2b7a1 gb-tabs\" role=\"tablist\" data-opened-tab=\"2\">\n<div class=\"gb-container gb-container-93eb6d58 gb-tabs__buttons\" role=\"list\">\n\n<button class=\"gb-button gb-button-55ef8a3a gb-button-text gb-tabs__button gbp-buttonu002du002dprimary gbp-button--primary\" role=\"tab\">Alle<\/button>\n\n\n\n<button class=\"gb-button gb-button-5b6347f4 gb-button-text gb-tabs__button gb-block-is-current gbp-buttonu002du002dprimary gbp-button--primary\" role=\"tab\">Tage<\/button>\n\n\n\n<button class=\"gb-button gb-button-42ceabb5 gb-button-text gb-tabs__button gbp-buttonu002du002dprimary gbp-button--primary\" role=\"tab\">Marker<\/button>\n\n\n\n<button class=\"gb-button gb-button-33b93935 gb-button-text gb-tabs__button gbp-buttonu002du002dprimary gbp-button--primary\" role=\"tab\">Overd\u00e6kning<\/button>\n\n<\/div>\n\n<div class=\"gb-container gb-container-99084ffd gb-tabs__items\" role=\"tabpanel\">\n<div class=\"gb-container gb-container-22d332c8 gb-tabs__item\">\n\n<div class=\"gb-grid-wrapper gb-grid-wrapper-0a85843d gb-query-loop-wrapper\">\n<div class=\"gb-grid-column gb-grid-column-107bfe9f gb-query-loop-item post-1001 case type-case status-publish has-post-thumbnail hentry tag-overdaekning\"><div class=\"gb-container gb-container-107bfe9f gbp-card shadow\"><a class=\"gb-container-link\" href=\"https:\/\/testinstallation.andthedolphine.com\/index.php\/case\/solceller-solar-broendby-p-anlaeg\/\"><\/a>\n<div class=\"gb-container gb-container-05240d5c\">\n<div class=\"gb-headline gb-headline-9fe07827 gb-headline-text gbp-card__meta-text\">Solar A\/S<\/div>\n\n<h3 class=\"gb-headline gb-headline-79bfd97e gb-headline-text gbp-card__title\"><a href=\"https:\/\/testinstallation.andthedolphine.com\/index.php\/case\/solceller-solar-broendby-p-anlaeg\/\">Solceller Solar Br\u00f8ndby \u2013 P-anl\u00e6g<\/a><\/h3>\n<\/div>\n\n<div class=\"gb-container gb-container-e7ac0be2\">\n<figure class=\"gb-block-image gb-block-image-4d3bfc15\"><a href=\"https:\/\/testinstallation.andthedolphine.com\/index.php\/case\/solceller-solar-broendby-p-anlaeg\/\"><img loading=\"lazy\" decoding=\"async\" width=\"150\" height=\"150\" src=\"https:\/\/testinstallation.andthedolphine.com\/wp-content\/uploads\/2024\/08\/Solar-P-anlaeg-900x600-1-150x150.jpg\" class=\"gb-image-4d3bfc15\" alt=\"\" \/><\/a><\/figure>\n<\/div>\n\n<div class=\"gb-container gb-container-553504e2\">\n<div class=\"gb-container gb-container-d021c636\">\n<div class=\"gb-headline gb-headline-d124497a gb-headline-text\"><span class=\"post-term-item term-overdaekning\">Overd\u00e6kning<\/span><\/div>\n\n<div class=\"gb-headline gb-headline-e9810d98 gb-headline-text\">2022<\/div>\n<\/div>\n<\/div>\n<\/div><\/div>\n\n<div class=\"gb-grid-column gb-grid-column-107bfe9f gb-query-loop-item post-991 case type-case status-publish has-post-thumbnail hentry tag-overdaekning\"><div class=\"gb-container gb-container-107bfe9f gbp-card shadow\"><a class=\"gb-container-link\" href=\"https:\/\/testinstallation.andthedolphine.com\/index.php\/case\/solceller-solar-vejen-p-anlaeg\/\"><\/a>\n<div class=\"gb-container gb-container-05240d5c\">\n<div class=\"gb-headline gb-headline-9fe07827 gb-headline-text gbp-card__meta-text\">Solar A\/S<\/div>\n\n<h3 class=\"gb-headline gb-headline-79bfd97e gb-headline-text gbp-card__title\"><a href=\"https:\/\/testinstallation.andthedolphine.com\/index.php\/case\/solceller-solar-vejen-p-anlaeg\/\">Solceller Solar Vejen P-anl\u00e6g<\/a><\/h3>\n<\/div>\n\n<div class=\"gb-container gb-container-e7ac0be2\">\n<figure class=\"gb-block-image gb-block-image-4d3bfc15\"><a href=\"https:\/\/testinstallation.andthedolphine.com\/index.php\/case\/solceller-solar-vejen-p-anlaeg\/\"><img loading=\"lazy\" decoding=\"async\" width=\"150\" height=\"150\" src=\"https:\/\/testinstallation.andthedolphine.com\/wp-content\/uploads\/2024\/08\/Solarvejen.solarpolaris-150x150.jpg\" class=\"gb-image-4d3bfc15\" alt=\"\" \/><\/a><\/figure>\n<\/div>\n\n<div class=\"gb-container gb-container-553504e2\">\n<div class=\"gb-container gb-container-d021c636\">\n<div class=\"gb-headline gb-headline-d124497a gb-headline-text\"><span class=\"post-term-item term-overdaekning\">Overd\u00e6kning<\/span><\/div>\n\n<div class=\"gb-headline gb-headline-e9810d98 gb-headline-text\">2019<\/div>\n<\/div>\n<\/div>\n<\/div><\/div>\n\n<div class=\"gb-grid-column gb-grid-column-107bfe9f gb-query-loop-item post-296 case type-case status-publish has-post-thumbnail hentry tag-tag\"><div class=\"gb-container gb-container-107bfe9f gbp-card shadow\"><a class=\"gb-container-link\" href=\"https:\/\/testinstallation.andthedolphine.com\/index.php\/case\/skt-joseph-plejecenter\/\"><\/a>\n<div class=\"gb-container gb-container-05240d5c\">\n<div class=\"gb-headline gb-headline-9fe07827 gb-headline-text gbp-card__meta-text\">Lejerbo \/ BO-VEST<\/div>\n\n<h3 class=\"gb-headline gb-headline-79bfd97e gb-headline-text gbp-card__title\"><a href=\"https:\/\/testinstallation.andthedolphine.com\/index.php\/case\/skt-joseph-plejecenter\/\">Skt. Joseph Plejecenter<\/a><\/h3>\n<\/div>\n\n<div class=\"gb-container gb-container-e7ac0be2\">\n<figure class=\"gb-block-image gb-block-image-4d3bfc15\"><a href=\"https:\/\/testinstallation.andthedolphine.com\/index.php\/case\/skt-joseph-plejecenter\/\"><img loading=\"lazy\" decoding=\"async\" width=\"150\" height=\"150\" src=\"https:\/\/testinstallation.andthedolphine.com\/wp-content\/uploads\/2024\/04\/skt.joseph.2020.solarpolaris-150x150.webp\" class=\"gb-image-4d3bfc15\" alt=\"\" \/><\/a><\/figure>\n<\/div>\n\n<div class=\"gb-container gb-container-553504e2\">\n<div class=\"gb-container gb-container-d021c636\">\n<div class=\"gb-headline gb-headline-d124497a gb-headline-text\"><span class=\"post-term-item term-tag\">Tag<\/span><\/div>\n\n<div class=\"gb-headline gb-headline-e9810d98 gb-headline-text\">2019<\/div>\n<\/div>\n<\/div>\n<\/div><\/div>\n\n<div class=\"gb-grid-column gb-grid-column-107bfe9f gb-query-loop-item post-1021 case type-case status-publish has-post-thumbnail hentry tag-tag\"><div class=\"gb-container gb-container-107bfe9f gbp-card shadow\"><a class=\"gb-container-link\" href=\"https:\/\/testinstallation.andthedolphine.com\/index.php\/case\/kalvebod-brygge\/\"><\/a>\n<div class=\"gb-container gb-container-05240d5c\">\n<div class=\"gb-headline gb-headline-9fe07827 gb-headline-text gbp-card__meta-text\">Caverion<\/div>\n\n<h3 class=\"gb-headline gb-headline-79bfd97e gb-headline-text gbp-card__title\"><a href=\"https:\/\/testinstallation.andthedolphine.com\/index.php\/case\/kalvebod-brygge\/\">Kalvebod Brygge<\/a><\/h3>\n<\/div>\n\n<div class=\"gb-container gb-container-e7ac0be2\">\n<figure class=\"gb-block-image gb-block-image-4d3bfc15\"><a href=\"https:\/\/testinstallation.andthedolphine.com\/index.php\/case\/kalvebod-brygge\/\"><img loading=\"lazy\" decoding=\"async\" width=\"150\" height=\"150\" src=\"https:\/\/testinstallation.andthedolphine.com\/wp-content\/uploads\/2024\/08\/Kalvebod_brygge.solarpolaris-150x150.jpg\" class=\"gb-image-4d3bfc15\" alt=\"\" \/><\/a><\/figure>\n<\/div>\n\n<div class=\"gb-container gb-container-553504e2\">\n<div class=\"gb-container gb-container-d021c636\">\n<div class=\"gb-headline gb-headline-d124497a gb-headline-text\"><span class=\"post-term-item term-tag\">Tag<\/span><\/div>\n\n<div class=\"gb-headline gb-headline-e9810d98 gb-headline-text\">2018<\/div>\n<\/div>\n<\/div>\n<\/div><\/div>\n\n<div class=\"gb-grid-column gb-grid-column-107bfe9f gb-query-loop-item post-1069 case type-case status-publish has-post-thumbnail hentry tag-mark\"><div class=\"gb-container gb-container-107bfe9f gbp-card shadow\"><a class=\"gb-container-link\" href=\"https:\/\/testinstallation.andthedolphine.com\/index.php\/case\/sumba-faeroeerne\/\"><\/a>\n<div class=\"gb-container gb-container-05240d5c\">\n<div class=\"gb-headline gb-headline-9fe07827 gb-headline-text gbp-card__meta-text\">SEV<\/div>\n\n<h3 class=\"gb-headline gb-headline-79bfd97e gb-headline-text gbp-card__title\"><a href=\"https:\/\/testinstallation.andthedolphine.com\/index.php\/case\/sumba-faeroeerne\/\">Sumba F\u00e6r\u00f8erne<\/a><\/h3>\n<\/div>\n\n<div class=\"gb-container gb-container-e7ac0be2\">\n<figure class=\"gb-block-image gb-block-image-4d3bfc15\"><a href=\"https:\/\/testinstallation.andthedolphine.com\/index.php\/case\/sumba-faeroeerne\/\"><img loading=\"lazy\" decoding=\"async\" width=\"150\" height=\"150\" src=\"https:\/\/testinstallation.andthedolphine.com\/wp-content\/uploads\/2024\/08\/sumba.portfolio.solarpolaris-150x150.jpg\" class=\"gb-image-4d3bfc15\" alt=\"\" \/><\/a><\/figure>\n<\/div>\n\n<div class=\"gb-container gb-container-553504e2\">\n<div class=\"gb-container gb-container-d021c636\">\n<div class=\"gb-headline gb-headline-d124497a gb-headline-text\"><span class=\"post-term-item term-mark\">Mark<\/span><\/div>\n\n<div class=\"gb-headline gb-headline-e9810d98 gb-headline-text\">2019<\/div>\n<\/div>\n<\/div>\n<\/div><\/div>\n\n<div class=\"gb-grid-column gb-grid-column-107bfe9f gb-query-loop-item post-1003 case type-case status-publish has-post-thumbnail hentry tag-overdaekning\"><div class=\"gb-container gb-container-107bfe9f gbp-card shadow\"><a class=\"gb-container-link\" href=\"https:\/\/testinstallation.andthedolphine.com\/index.php\/case\/solceller-vejdirektoratet-4-ladeparker\/\"><\/a>\n<div class=\"gb-container gb-container-05240d5c\">\n<div class=\"gb-headline gb-headline-9fe07827 gb-headline-text gbp-card__meta-text\">Vejdirektoratet<\/div>\n\n<h3 class=\"gb-headline gb-headline-79bfd97e gb-headline-text gbp-card__title\"><a href=\"https:\/\/testinstallation.andthedolphine.com\/index.php\/case\/solceller-vejdirektoratet-4-ladeparker\/\">Solceller Vejdirektoratet 4 ladeparker<\/a><\/h3>\n<\/div>\n\n<div class=\"gb-container gb-container-e7ac0be2\">\n<figure class=\"gb-block-image gb-block-image-4d3bfc15\"><a href=\"https:\/\/testinstallation.andthedolphine.com\/index.php\/case\/solceller-vejdirektoratet-4-ladeparker\/\"><img loading=\"lazy\" decoding=\"async\" width=\"150\" height=\"150\" src=\"https:\/\/testinstallation.andthedolphine.com\/wp-content\/uploads\/2024\/08\/Vejdir-900x600-1-150x150.jpg\" class=\"gb-image-4d3bfc15\" alt=\"\" \/><\/a><\/figure>\n<\/div>\n\n<div class=\"gb-container gb-container-553504e2\">\n<div class=\"gb-container gb-container-d021c636\">\n<div class=\"gb-headline gb-headline-d124497a gb-headline-text\"><span class=\"post-term-item term-overdaekning\">Overd\u00e6kning<\/span><\/div>\n\n<div class=\"gb-headline gb-headline-e9810d98 gb-headline-text\">2023<\/div>\n<\/div>\n<\/div>\n<\/div><\/div>\n\n<div class=\"gb-grid-column gb-grid-column-107bfe9f gb-query-loop-item post-1063 case type-case status-publish has-post-thumbnail hentry tag-tag\"><div class=\"gb-container gb-container-107bfe9f gbp-card shadow\"><a class=\"gb-container-link\" href=\"https:\/\/testinstallation.andthedolphine.com\/index.php\/case\/ramboel-hovedkontor\/\"><\/a>\n<div class=\"gb-container gb-container-05240d5c\">\n<div class=\"gb-headline gb-headline-9fe07827 gb-headline-text gbp-card__meta-text\">Ramb\u00f8ll<\/div>\n\n<h3 class=\"gb-headline gb-headline-79bfd97e gb-headline-text gbp-card__title\"><a href=\"https:\/\/testinstallation.andthedolphine.com\/index.php\/case\/ramboel-hovedkontor\/\">Ramb\u00f8l Hovedkontor<\/a><\/h3>\n<\/div>\n\n<div class=\"gb-container gb-container-e7ac0be2\">\n<figure class=\"gb-block-image gb-block-image-4d3bfc15\"><a href=\"https:\/\/testinstallation.andthedolphine.com\/index.php\/case\/ramboel-hovedkontor\/\"><img loading=\"lazy\" decoding=\"async\" width=\"150\" height=\"150\" src=\"https:\/\/testinstallation.andthedolphine.com\/wp-content\/uploads\/2024\/08\/Ramboell-900x600-1-150x150.jpg\" class=\"gb-image-4d3bfc15\" alt=\"\" \/><\/a><\/figure>\n<\/div>\n\n<div class=\"gb-container gb-container-553504e2\">\n<div class=\"gb-container gb-container-d021c636\">\n<div class=\"gb-headline gb-headline-d124497a gb-headline-text\"><span class=\"post-term-item term-tag\">Tag<\/span><\/div>\n\n<div class=\"gb-headline gb-headline-e9810d98 gb-headline-text\">2020 &#8211; 2021<\/div>\n<\/div>\n<\/div>\n<\/div><\/div>\n\n<div class=\"gb-grid-column gb-grid-column-107bfe9f gb-query-loop-item post-1013 case type-case status-publish has-post-thumbnail hentry tag-tag\"><div class=\"gb-container gb-container-107bfe9f gbp-card shadow\"><a class=\"gb-container-link\" href=\"https:\/\/testinstallation.andthedolphine.com\/index.php\/case\/nordea-lyngby-port\/\"><\/a>\n<div class=\"gb-container gb-container-05240d5c\">\n<div class=\"gb-headline gb-headline-9fe07827 gb-headline-text gbp-card__meta-text\">Nordea Ejendomme<\/div>\n\n<h3 class=\"gb-headline gb-headline-79bfd97e gb-headline-text gbp-card__title\"><a href=\"https:\/\/testinstallation.andthedolphine.com\/index.php\/case\/nordea-lyngby-port\/\">Nordea Lyngby Port<\/a><\/h3>\n<\/div>\n\n<div class=\"gb-container gb-container-e7ac0be2\">\n<figure class=\"gb-block-image gb-block-image-4d3bfc15\"><a href=\"https:\/\/testinstallation.andthedolphine.com\/index.php\/case\/nordea-lyngby-port\/\"><img loading=\"lazy\" decoding=\"async\" width=\"150\" height=\"150\" src=\"https:\/\/testinstallation.andthedolphine.com\/wp-content\/uploads\/2024\/08\/Lyngby-Port-900x600-1-150x150.jpg\" class=\"gb-image-4d3bfc15\" alt=\"\" \/><\/a><\/figure>\n<\/div>\n\n<div class=\"gb-container gb-container-553504e2\">\n<div class=\"gb-container gb-container-d021c636\">\n<div class=\"gb-headline gb-headline-d124497a gb-headline-text\"><span class=\"post-term-item term-tag\">Tag<\/span><\/div>\n\n<div class=\"gb-headline gb-headline-e9810d98 gb-headline-text\">2017<\/div>\n<\/div>\n<\/div>\n<\/div><\/div>\n\n<div class=\"gb-grid-column gb-grid-column-107bfe9f gb-query-loop-item post-1039 case type-case status-publish has-post-thumbnail hentry tag-tag\"><div class=\"gb-container gb-container-107bfe9f gbp-card shadow\"><a class=\"gb-container-link\" href=\"https:\/\/testinstallation.andthedolphine.com\/index.php\/case\/vilberg-ungdomsskole\/\"><\/a>\n<div class=\"gb-container gb-container-05240d5c\">\n<div class=\"gb-headline gb-headline-9fe07827 gb-headline-text gbp-card__meta-text\">Akershus Regionen<\/div>\n\n<h3 class=\"gb-headline gb-headline-79bfd97e gb-headline-text gbp-card__title\"><a href=\"https:\/\/testinstallation.andthedolphine.com\/index.php\/case\/vilberg-ungdomsskole\/\">Vilberg Ungdomsskole<\/a><\/h3>\n<\/div>\n\n<div class=\"gb-container gb-container-e7ac0be2\">\n<figure class=\"gb-block-image gb-block-image-4d3bfc15\"><a href=\"https:\/\/testinstallation.andthedolphine.com\/index.php\/case\/vilberg-ungdomsskole\/\"><img loading=\"lazy\" decoding=\"async\" width=\"150\" height=\"150\" src=\"https:\/\/testinstallation.andthedolphine.com\/wp-content\/uploads\/2024\/08\/Vilberg-150x150.jpg\" class=\"gb-image-4d3bfc15\" alt=\"\" \/><\/a><\/figure>\n<\/div>\n\n<div class=\"gb-container gb-container-553504e2\">\n<div class=\"gb-container gb-container-d021c636\">\n<div class=\"gb-headline gb-headline-d124497a gb-headline-text\"><span class=\"post-term-item term-tag\">Tag<\/span><\/div>\n\n<div class=\"gb-headline gb-headline-e9810d98 gb-headline-text\">2019<\/div>\n<\/div>\n<\/div>\n<\/div><\/div>\n<\/div>\n\n<div class=\"gb-container gb-container-4305e30c gb-query-loop-pagination\">\n\n\n<span class=\"gb-button gb-button-95cf11a9 gb-button-text page-numbers gb-block-is-current\" aria-current=\"page\">1<\/span><a class=\"gb-button gb-button-95cf11a9 gb-button-text page-numbers\" href=\"?query-d8e65c1d-page=2\">2<\/a><a class=\"gb-button gb-button-95cf11a9 gb-button-text page-numbers\" href=\"?query-d8e65c1d-page=3\">3<\/a><span class=\"gb-button gb-button-95cf11a9 gb-button-text page-numbers dots\">\u2026<\/span><a class=\"gb-button gb-button-95cf11a9 gb-button-text page-numbers\" href=\"?query-d8e65c1d-page=6\">6<\/a>\n\n<a class=\"gb-button gb-button-be917d58 gb-button-text\" href=\"\/index.php\/wp-json\/wp\/v2\/pages\/2036?query-d8e65c1d-page=2\">N\u00e6ste<\/a>\n<\/div>\n\n<\/div>\n\n<div class=\"gb-container gb-container-badafff8 gb-tabs__item gb-tabs__item-open\" id=\"tage\">\n\n<div class=\"gb-grid-wrapper gb-grid-wrapper-1cc80fe1 gb-query-loop-wrapper\"><\/div>\n\n<div class=\"gb-container gb-container-dead9a63 gb-query-loop-pagination\">\n\n\n\n\n\n<\/div>\n\n<\/div>\n\n<div class=\"gb-container gb-container-ed721656 gb-tabs__item\" id=\"marker\">\n\n<div class=\"gb-grid-wrapper gb-grid-wrapper-87a5d46d gb-query-loop-wrapper\">\n<div class=\"gb-grid-column gb-grid-column-e0eb0385 gb-query-loop-item post-1055 case type-case status-publish has-post-thumbnail hentry tag-mark\"><div class=\"gb-container gb-container-e0eb0385 gbp-card shadow\"><a class=\"gb-container-link\" href=\"https:\/\/testinstallation.andthedolphine.com\/index.php\/case\/naturkraft\/\"><\/a>\n<div class=\"gb-container gb-container-d85c9d36\">\n<div class=\"gb-headline gb-headline-6690e000 gb-headline-text gbp-card__meta-text\">Ejendomsfonden Naturkraft<\/div>\n\n<h3 class=\"gb-headline gb-headline-13f611da gb-headline-text gbp-card__title\"><a href=\"https:\/\/testinstallation.andthedolphine.com\/index.php\/case\/naturkraft\/\">Naturkraft<\/a><\/h3>\n<\/div>\n\n<div class=\"gb-container gb-container-d7acf730\">\n<figure class=\"gb-block-image gb-block-image-6f519371\"><a href=\"https:\/\/testinstallation.andthedolphine.com\/index.php\/case\/naturkraft\/\"><img loading=\"lazy\" decoding=\"async\" width=\"150\" height=\"150\" src=\"https:\/\/testinstallation.andthedolphine.com\/wp-content\/uploads\/2024\/04\/Naturkraft-900x600-1-150x150.webp\" class=\"gb-image-6f519371\" alt=\"\" \/><\/a><\/figure>\n<\/div>\n\n<div class=\"gb-container gb-container-6c34df5b\">\n<div class=\"gb-container gb-container-82573a5e\">\n<div class=\"gb-headline gb-headline-06ebd78a gb-headline-text\"><span class=\"post-term-item term-mark\">Mark<\/span><\/div>\n\n<div class=\"gb-headline gb-headline-83b5a374 gb-headline-text\">2020<\/div>\n<\/div>\n<\/div>\n<\/div><\/div>\n\n<div class=\"gb-grid-column gb-grid-column-e0eb0385 gb-query-loop-item post-1069 case type-case status-publish has-post-thumbnail hentry tag-mark\"><div class=\"gb-container gb-container-e0eb0385 gbp-card shadow\"><a class=\"gb-container-link\" href=\"https:\/\/testinstallation.andthedolphine.com\/index.php\/case\/sumba-faeroeerne\/\"><\/a>\n<div class=\"gb-container gb-container-d85c9d36\">\n<div class=\"gb-headline gb-headline-6690e000 gb-headline-text gbp-card__meta-text\">SEV<\/div>\n\n<h3 class=\"gb-headline gb-headline-13f611da gb-headline-text gbp-card__title\"><a href=\"https:\/\/testinstallation.andthedolphine.com\/index.php\/case\/sumba-faeroeerne\/\">Sumba F\u00e6r\u00f8erne<\/a><\/h3>\n<\/div>\n\n<div class=\"gb-container gb-container-d7acf730\">\n<figure class=\"gb-block-image gb-block-image-6f519371\"><a href=\"https:\/\/testinstallation.andthedolphine.com\/index.php\/case\/sumba-faeroeerne\/\"><img loading=\"lazy\" decoding=\"async\" width=\"150\" height=\"150\" src=\"https:\/\/testinstallation.andthedolphine.com\/wp-content\/uploads\/2024\/08\/sumba.portfolio.solarpolaris-150x150.jpg\" class=\"gb-image-6f519371\" alt=\"\" \/><\/a><\/figure>\n<\/div>\n\n<div class=\"gb-container gb-container-6c34df5b\">\n<div class=\"gb-container gb-container-82573a5e\">\n<div class=\"gb-headline gb-headline-06ebd78a gb-headline-text\"><span class=\"post-term-item term-mark\">Mark<\/span><\/div>\n\n<div class=\"gb-headline gb-headline-83b5a374 gb-headline-text\">2019<\/div>\n<\/div>\n<\/div>\n<\/div><\/div>\n<\/div>\n\n<div class=\"gb-container gb-container-7a5db6f0 gb-query-loop-pagination\">\n\n\n\n\n\n<\/div>\n\n<\/div>\n\n<div class=\"gb-container gb-container-f82b504e gb-tabs__item\" id=\"overdaekning\">\n\n<div class=\"gb-grid-wrapper gb-grid-wrapper-2c36a5e1 gb-query-loop-wrapper\"><\/div>\n\n<div class=\"gb-container gb-container-bce7afe4 gb-query-loop-pagination\">\n\n\n\n\n\n<\/div>\n\n<\/div>\n<\/div>\n<\/div>\n<\/div>\n<\/div>","protected":false},"excerpt":{"rendered":"<p>Lad os inspirere dig til dit n\u00e6ste projekt Tagbaserede anl\u00e6g Solar Polaris&nbsp;er eksperter i at designe og installere solcelleanl\u00e6g til tagmontering. Vores tagbaserede l\u00f8sninger er skr\u00e6ddersyede til at passe til enhver tagkonstruktion, hvilket sikrer optimal energiproduktion og integrering med bygningens arkitektur. Vi tilbyder b\u00e5de ballastmonterede og fastmonterede anl\u00e6g, facadel\u00f8sninger i mindre omfang samt innovative carport &#8230; <a title=\"Taganl\u00e6g\" class=\"read-more\" href=\"https:\/\/testinstallation.andthedolphine.com\/index.php\/taganlaeg\/\" aria-label=\"Read more about Taganl\u00e6g\">L\u00e6s Mere<\/a><\/p>\n","protected":false},"author":1,"featured_media":0,"parent":0,"menu_order":0,"comment_status":"closed","ping_status":"closed","template":"","meta":{"_acf_changed":false,"footnotes":""},"class_list":["post-2036","page","type-page","status-publish"],"acf":[],"_links":{"self":[{"href":"https:\/\/testinstallation.andthedolphine.com\/index.php\/wp-json\/wp\/v2\/pages\/2036","targetHints":{"allow":["GET"]}}],"collection":[{"href":"https:\/\/testinstallation.andthedolphine.com\/index.php\/wp-json\/wp\/v2\/pages"}],"about":[{"href":"https:\/\/testinstallation.andthedolphine.com\/index.php\/wp-json\/wp\/v2\/types\/page"}],"author":[{"embeddable":true,"href":"https:\/\/testinstallation.andthedolphine.com\/index.php\/wp-json\/wp\/v2\/users\/1"}],"replies":[{"embeddable":true,"href":"https:\/\/testinstallation.andthedolphine.com\/index.php\/wp-json\/wp\/v2\/comments?post=2036"}],"version-history":[{"count":0,"href":"https:\/\/testinstallation.andthedolphine.com\/index.php\/wp-json\/wp\/v2\/pages\/2036\/revisions"}],"wp:attachment":[{"href":"https:\/\/testinstallation.andthedolphine.com\/index.php\/wp-json\/wp\/v2\/media?parent=2036"}],"curies":[{"name":"wp","href":"https:\/\/api.w.org\/{rel}","templated":true}]}}