{"id":1953,"date":"2024-10-09T12:48:33","date_gmt":"2024-10-09T12:48:33","guid":{"rendered":"https:\/\/solarpolaris.hurtigehjemmesider.dk\/?page_id=1953"},"modified":"2024-10-09T12:48:33","modified_gmt":"2024-10-09T12:48:33","slug":"markanlaeg","status":"publish","type":"page","link":"https:\/\/testinstallation.andthedolphine.com\/index.php\/markanlaeg\/","title":{"rendered":"Markanl\u00e6g"},"content":{"rendered":"<section class=\"gb-container gb-container-46287441 gbp-section\">\n<div class=\"gb-container gb-container-d23a29ab gbp-section__inner\">\n<div class=\"gb-container gb-container-2a48dc36\">\n\n<h1 class=\"gb-headline gb-headline-1512e882 gb-headline-text gbp-section__tagline\">Lad os inspirere dig til dit n\u00e6ste projekt<\/h1>\n\n\n\n<h1 class=\"gb-headline gb-headline-8c50ff43 gb-headline-text gbp-section__headline\">Markanl\u00e6g<\/h1>\n\n\n\n<div class=\"gb-headline gb-headline-0c63feb9 gb-headline-text gbp-section__text db-lg-text\">Solar Polaris&nbsp;er en dansk EPC (Engineering, Procurement, Construction)<br>virksomhed, der specialiserer sig i design, opf\u00f8relse og vedligeholdelse af store solcelleanl\u00e6g p\u00e5 \u00e5bne arealer. Med en dyb forst\u00e5else af det danske marked og et t\u00e6t samarbejde med lokale leverand\u00f8rer, sikrer vi, at vores markanl\u00e6g lever op til de h\u00f8jeste standarder for kvalitet, sikkerhed og b\u00e6redygtighed.<\/div>\n\n\n<div class=\"gb-container gb-container-38005a5c round-corners shadow__light\">\n\n<figure class=\"wp-block-video\"><video height=\"1080\" style=\"aspect-ratio: 1920 \/ 1080;\" width=\"1920\" autoplay loop muted poster=\"https:\/\/testinstallation.andthedolphine.com\/wp-content\/uploads\/2024\/11\/Markanlaeg.jpg\" src=\"https:\/\/testinstallation.andthedolphine.com\/wp-content\/uploads\/2024\/11\/Markanlaeg.mp4\" playsinline><\/video><\/figure>\n\n<\/div>\n\n\n<h2 class=\"gb-headline gb-headline-75c480ef gb-headline-text headline__secondary\">Hvorfor v\u00e6lge Solar Polaris til markanl\u00e6g?<\/h2>\n\n<\/div>\n<\/div>\n<\/section>\n\n<div class=\"gb-container gb-container-54dabf23 gbp-section\">\n<div class=\"gb-container gb-container-39ca7b38\">\n<div class=\"gb-grid-wrapper gb-grid-wrapper-7c36159e\">\n<div class=\"gb-grid-column gb-grid-column-049e4082\"><div class=\"gb-container gb-container-049e4082 gbp-card blockanimation shadow\">\n\n<h3 class=\"gb-headline gb-headline-52083396 gb-headline-text gbp-section__headline\">Lokalkendskab og ekspertise<\/h3>\n\n\n\n<div class=\"gb-headline gb-headline-8ae0d6b9 gb-headline-text gbp-section__text\">Som en dansk EPC har vi indg\u00e5ende kendskab til de danske regler og lovgivningsm\u00e6ssige finurligheder, som kan p\u00e5virke solcelleprojekter. Vi navigerer ubesv\u00e6ret gennem myndighedskrav og sikrer, at alle vores projekter overholder g\u00e6ldende regulativer og standarder. Vores erfaring og ekspertise g\u00f8r os i stand til at levere skr\u00e6ddersyede l\u00f8sninger, der opfylder jeres specifikke behov og optimerer energiproduktionen.<\/div>\n\n<\/div><\/div>\n\n<div class=\"gb-grid-column gb-grid-column-766b6426\"><div class=\"gb-container gb-container-766b6426 gbp-card blockanimation shadow\">\n\n<h3 class=\"gb-headline gb-headline-5dfb2477 gb-headline-text gbp-section__headline\">Danske leverand\u00f8rer<\/h3>\n\n\n\n<div class=\"gb-headline gb-headline-ecbc20a5 gb-headline-text gbp-section__text\">Ved i h\u00f8j grad at samarbejde med danske leverand\u00f8rer sikrer vi, at vores leverancer lever op til samme kvalitet som os selv. Dette reducerer ikke kun leveringstider og logistiske udfordringer, men styrker ogs\u00e5 den lokale \u00f8konomi og fremmer b\u00e6redygtighed.<\/div>\n\n<\/div><\/div>\n\n<div class=\"gb-grid-column gb-grid-column-38926062\"><div class=\"gb-container gb-container-38926062 gbp-card blockanimation shadow\">\n\n<h3 class=\"gb-headline gb-headline-1bf0148b gb-headline-text gbp-section__headline\">Fokus p\u00e5 arbejdsmilj\u00f8<\/h3>\n\n\n\n<div class=\"gb-headline gb-headline-7ce4bdfa gb-headline-text gbp-section__text\">Store projekter kr\u00e6ver omhyggelig planl\u00e6gning og udf\u00f8relse, is\u00e6r n\u00e5r det kommer til arbejdsmilj\u00f8et. Solar Polaris har en st\u00e6rk forpligtelse til at sikre, at alle vores arbejdspladser er sikre og sunde. Vi samarbejder direkte med Arbejdstilsynet for at finde de bedste l\u00f8sninger og sikre overholdelse af alle arbejdsmilj\u00f8regler. Specielt fokus er p\u00e5 l\u00f8ft og arbejde i h\u00f8jder, hvor vi implementerer de nyeste sikkerhedsforanstaltninger og teknologier i et samarbejde. Regelm\u00e6ssige inspektioner og tr\u00e6ningsprogrammer sikrer, at vores teams er velinformerede og forberedte p\u00e5 at h\u00e5ndtere enhver udfordring.<\/div>\n\n<\/div><\/div>\n\n<div class=\"gb-grid-column gb-grid-column-2d828f66\"><div class=\"gb-container gb-container-2d828f66 gbp-card blockanimation shadow\">\n\n<h3 class=\"gb-headline gb-headline-fac43b89 gb-headline-text gbp-section__headline\">B\u00e6redygtighed og ESG<\/h3>\n\n\n\n<div class=\"gb-headline gb-headline-d6775707 gb-headline-text gbp-section__text\">ESG (Environmental, Social, Governance) spiller en central rolle i vores projekter. Vi tager ansvar for at minimere milj\u00f8p\u00e5virkningen af vores aktiviteter og arbejder kontinuerligt p\u00e5 at forbedre vores b\u00e6redygtighedspraksis. Ved at integrere ESG- principper i vores projekter sikrer vi, at vores markanl\u00e6g ikke kun leverer gr\u00f8n energi, men ogs\u00e5 bidrager positivt til samfundet og milj\u00f8et over tid. Vi rapporterer \u00e5rligt p\u00e5 vores ESG-indikatorer for at sikre gennemsigtighed og ansvarlighed.<\/div>\n\n<\/div><\/div>\n<\/div>\n<\/div>\n<\/div>\n\n<div class=\"gb-container gb-container-535dcec3 gbp-section\">\n<div class=\"gb-container gb-container-f6f10ec5\">\n<div class=\"gb-container gb-container-add2b7a1 gb-tabs\" role=\"tablist\" data-opened-tab=\"3\">\n<div class=\"gb-container gb-container-93eb6d58 gb-tabs__buttons\" role=\"list\">\n\n<button class=\"gb-button gb-button-55ef8a3a gb-button-text gb-tabs__button gbp-buttonu002du002dprimary gbp-button--primary\" role=\"tab\">Alle<\/button>\n\n\n\n<button class=\"gb-button gb-button-5b6347f4 gb-button-text gb-tabs__button gbp-buttonu002du002dprimary gbp-button--primary\" role=\"tab\">Tage<\/button>\n\n\n\n<button class=\"gb-button gb-button-42ceabb5 gb-button-text gb-tabs__button gb-block-is-current gbp-buttonu002du002dprimary gbp-button--primary\" role=\"tab\">Marker<\/button>\n\n\n\n<button class=\"gb-button gb-button-33b93935 gb-button-text gb-tabs__button gbp-buttonu002du002dprimary gbp-button--primary\" role=\"tab\">Overd\u00e6kning<\/button>\n\n<\/div>\n\n<div class=\"gb-container gb-container-99084ffd gb-tabs__items\" role=\"tabpanel\">\n<div class=\"gb-container gb-container-22d332c8 gb-tabs__item\">\n\n<div class=\"gb-grid-wrapper gb-grid-wrapper-0a85843d gb-query-loop-wrapper\">\n<div class=\"gb-grid-column gb-grid-column-107bfe9f gb-query-loop-item post-1031 case type-case status-publish has-post-thumbnail hentry tag-tag\"><div class=\"gb-container gb-container-107bfe9f gbp-card shadow\"><a class=\"gb-container-link\" href=\"https:\/\/testinstallation.andthedolphine.com\/index.php\/case\/baadehavnsgade-42\/\"><\/a>\n<div class=\"gb-container gb-container-05240d5c\">\n<div class=\"gb-headline gb-headline-9fe07827 gb-headline-text gbp-card__meta-text\">Sjatox<\/div>\n\n<h3 class=\"gb-headline gb-headline-79bfd97e gb-headline-text gbp-card__title\"><a href=\"https:\/\/testinstallation.andthedolphine.com\/index.php\/case\/baadehavnsgade-42\/\">B\u00e5dehavnsgade 42<\/a><\/h3>\n<\/div>\n\n<div class=\"gb-container gb-container-e7ac0be2\">\n<figure class=\"gb-block-image gb-block-image-4d3bfc15\"><a href=\"https:\/\/testinstallation.andthedolphine.com\/index.php\/case\/baadehavnsgade-42\/\"><img loading=\"lazy\" decoding=\"async\" width=\"150\" height=\"150\" src=\"https:\/\/testinstallation.andthedolphine.com\/wp-content\/uploads\/2024\/08\/Baadehavnsgade42.featured.solarpolaris-150x150.jpg\" class=\"gb-image-4d3bfc15\" alt=\"\" \/><\/a><\/figure>\n<\/div>\n\n<div class=\"gb-container gb-container-553504e2\">\n<div class=\"gb-container gb-container-d021c636\">\n<div class=\"gb-headline gb-headline-d124497a gb-headline-text\"><span class=\"post-term-item term-tag\">Tag<\/span><\/div>\n\n<div class=\"gb-headline gb-headline-e9810d98 gb-headline-text\">2018 &#8211; 2019<\/div>\n<\/div>\n<\/div>\n<\/div><\/div>\n\n<div class=\"gb-grid-column gb-grid-column-107bfe9f gb-query-loop-item post-1003 case type-case status-publish has-post-thumbnail hentry tag-overdaekning\"><div class=\"gb-container gb-container-107bfe9f gbp-card shadow\"><a class=\"gb-container-link\" href=\"https:\/\/testinstallation.andthedolphine.com\/index.php\/case\/solceller-vejdirektoratet-4-ladeparker\/\"><\/a>\n<div class=\"gb-container gb-container-05240d5c\">\n<div class=\"gb-headline gb-headline-9fe07827 gb-headline-text gbp-card__meta-text\">Vejdirektoratet<\/div>\n\n<h3 class=\"gb-headline gb-headline-79bfd97e gb-headline-text gbp-card__title\"><a href=\"https:\/\/testinstallation.andthedolphine.com\/index.php\/case\/solceller-vejdirektoratet-4-ladeparker\/\">Solceller Vejdirektoratet 4 ladeparker<\/a><\/h3>\n<\/div>\n\n<div class=\"gb-container gb-container-e7ac0be2\">\n<figure class=\"gb-block-image gb-block-image-4d3bfc15\"><a href=\"https:\/\/testinstallation.andthedolphine.com\/index.php\/case\/solceller-vejdirektoratet-4-ladeparker\/\"><img loading=\"lazy\" decoding=\"async\" width=\"150\" height=\"150\" src=\"https:\/\/testinstallation.andthedolphine.com\/wp-content\/uploads\/2024\/08\/Vejdir-900x600-1-150x150.jpg\" class=\"gb-image-4d3bfc15\" alt=\"\" \/><\/a><\/figure>\n<\/div>\n\n<div class=\"gb-container gb-container-553504e2\">\n<div class=\"gb-container gb-container-d021c636\">\n<div class=\"gb-headline gb-headline-d124497a gb-headline-text\"><span class=\"post-term-item term-overdaekning\">Overd\u00e6kning<\/span><\/div>\n\n<div class=\"gb-headline gb-headline-e9810d98 gb-headline-text\">2023<\/div>\n<\/div>\n<\/div>\n<\/div><\/div>\n\n<div class=\"gb-grid-column gb-grid-column-107bfe9f gb-query-loop-item post-273 case type-case status-publish has-post-thumbnail hentry tag-tag\"><div class=\"gb-container gb-container-107bfe9f gbp-card shadow\"><a class=\"gb-container-link\" href=\"https:\/\/testinstallation.andthedolphine.com\/index.php\/case\/hundested-hallen\/\"><\/a>\n<div class=\"gb-container gb-container-05240d5c\">\n<div class=\"gb-headline gb-headline-9fe07827 gb-headline-text gbp-card__meta-text\">Halsn\u00e6s Kommune<\/div>\n\n<h3 class=\"gb-headline gb-headline-79bfd97e gb-headline-text gbp-card__title\"><a href=\"https:\/\/testinstallation.andthedolphine.com\/index.php\/case\/hundested-hallen\/\">Hundested Hallen<\/a><\/h3>\n<\/div>\n\n<div class=\"gb-container gb-container-e7ac0be2\">\n<figure class=\"gb-block-image gb-block-image-4d3bfc15\"><a href=\"https:\/\/testinstallation.andthedolphine.com\/index.php\/case\/hundested-hallen\/\"><img loading=\"lazy\" decoding=\"async\" width=\"150\" height=\"150\" src=\"https:\/\/testinstallation.andthedolphine.com\/wp-content\/uploads\/2024\/04\/Hundestedhallen-900x600-1-150x150.webp\" class=\"gb-image-4d3bfc15\" alt=\"\" \/><\/a><\/figure>\n<\/div>\n\n<div class=\"gb-container gb-container-553504e2\">\n<div class=\"gb-container gb-container-d021c636\">\n<div class=\"gb-headline gb-headline-d124497a gb-headline-text\"><span class=\"post-term-item term-tag\">Tag<\/span><\/div>\n\n<div class=\"gb-headline gb-headline-e9810d98 gb-headline-text\">2021<\/div>\n<\/div>\n<\/div>\n<\/div><\/div>\n\n<div class=\"gb-grid-column gb-grid-column-107bfe9f gb-query-loop-item post-1047 case type-case status-publish has-post-thumbnail hentry tag-tag\"><div class=\"gb-container gb-container-107bfe9f gbp-card shadow\"><a class=\"gb-container-link\" href=\"https:\/\/testinstallation.andthedolphine.com\/index.php\/case\/privat-virksomhed\/\"><\/a>\n<div class=\"gb-container gb-container-05240d5c\">\n<div class=\"gb-headline gb-headline-9fe07827 gb-headline-text gbp-card__meta-text\">Privat virksomhed<\/div>\n\n<h3 class=\"gb-headline gb-headline-79bfd97e gb-headline-text gbp-card__title\"><a href=\"https:\/\/testinstallation.andthedolphine.com\/index.php\/case\/privat-virksomhed\/\">Privat virksomhed<\/a><\/h3>\n<\/div>\n\n<div class=\"gb-container gb-container-e7ac0be2\">\n<figure class=\"gb-block-image gb-block-image-4d3bfc15\"><a href=\"https:\/\/testinstallation.andthedolphine.com\/index.php\/case\/privat-virksomhed\/\"><img loading=\"lazy\" decoding=\"async\" width=\"150\" height=\"150\" src=\"https:\/\/testinstallation.andthedolphine.com\/wp-content\/uploads\/2024\/08\/Leopharma.portfolio.solarpolaris-150x150.jpg\" class=\"gb-image-4d3bfc15\" alt=\"\" \/><\/a><\/figure>\n<\/div>\n\n<div class=\"gb-container gb-container-553504e2\">\n<div class=\"gb-container gb-container-d021c636\">\n<div class=\"gb-headline gb-headline-d124497a gb-headline-text\"><span class=\"post-term-item term-tag\">Tag<\/span><\/div>\n\n<div class=\"gb-headline gb-headline-e9810d98 gb-headline-text\">2019<\/div>\n<\/div>\n<\/div>\n<\/div><\/div>\n\n<div class=\"gb-grid-column gb-grid-column-107bfe9f gb-query-loop-item post-995 case type-case status-publish has-post-thumbnail hentry tag-overdaekning\"><div class=\"gb-container gb-container-107bfe9f gbp-card shadow\"><a class=\"gb-container-link\" href=\"https:\/\/testinstallation.andthedolphine.com\/index.php\/case\/solceller-niels-bohr-bygningen\/\"><\/a>\n<div class=\"gb-container gb-container-05240d5c\">\n<div class=\"gb-headline gb-headline-9fe07827 gb-headline-text gbp-card__meta-text\">Bygningsstyrelsen<\/div>\n\n<h3 class=\"gb-headline gb-headline-79bfd97e gb-headline-text gbp-card__title\"><a href=\"https:\/\/testinstallation.andthedolphine.com\/index.php\/case\/solceller-niels-bohr-bygningen\/\">Solceller Niels Bohr Bygningen<\/a><\/h3>\n<\/div>\n\n<div class=\"gb-container gb-container-e7ac0be2\">\n<figure class=\"gb-block-image gb-block-image-4d3bfc15\"><a href=\"https:\/\/testinstallation.andthedolphine.com\/index.php\/case\/solceller-niels-bohr-bygningen\/\"><img loading=\"lazy\" decoding=\"async\" width=\"150\" height=\"150\" src=\"https:\/\/testinstallation.andthedolphine.com\/wp-content\/uploads\/2024\/08\/Niels.bohr_.bygningen-solarpolaris-150x150.jpg\" class=\"gb-image-4d3bfc15\" alt=\"\" \/><\/a><\/figure>\n<\/div>\n\n<div class=\"gb-container gb-container-553504e2\">\n<div class=\"gb-container gb-container-d021c636\">\n<div class=\"gb-headline gb-headline-d124497a gb-headline-text\"><span class=\"post-term-item term-overdaekning\">Overd\u00e6kning<\/span><\/div>\n\n<div class=\"gb-headline gb-headline-e9810d98 gb-headline-text\">2019<\/div>\n<\/div>\n<\/div>\n<\/div><\/div>\n\n<div class=\"gb-grid-column gb-grid-column-107bfe9f gb-query-loop-item post-1023 case type-case status-publish has-post-thumbnail hentry tag-tag\"><div class=\"gb-container gb-container-107bfe9f gbp-card shadow\"><a class=\"gb-container-link\" href=\"https:\/\/testinstallation.andthedolphine.com\/index.php\/case\/hoersholm-idraetspark\/\"><\/a>\n<div class=\"gb-container gb-container-05240d5c\">\n<div class=\"gb-headline gb-headline-9fe07827 gb-headline-text gbp-card__meta-text\">H\u00f8rsholm Kommune<\/div>\n\n<h3 class=\"gb-headline gb-headline-79bfd97e gb-headline-text gbp-card__title\"><a href=\"https:\/\/testinstallation.andthedolphine.com\/index.php\/case\/hoersholm-idraetspark\/\">H\u00f8rsholm Idr\u00e6tspark<\/a><\/h3>\n<\/div>\n\n<div class=\"gb-container gb-container-e7ac0be2\">\n<figure class=\"gb-block-image gb-block-image-4d3bfc15\"><a href=\"https:\/\/testinstallation.andthedolphine.com\/index.php\/case\/hoersholm-idraetspark\/\"><img loading=\"lazy\" decoding=\"async\" width=\"150\" height=\"150\" src=\"https:\/\/testinstallation.andthedolphine.com\/wp-content\/uploads\/2024\/08\/Hoersholm_idraetspark.portfolio.solarpolaris-150x150.jpg\" class=\"gb-image-4d3bfc15\" alt=\"\" \/><\/a><\/figure>\n<\/div>\n\n<div class=\"gb-container gb-container-553504e2\">\n<div class=\"gb-container gb-container-d021c636\">\n<div class=\"gb-headline gb-headline-d124497a gb-headline-text\"><span class=\"post-term-item term-tag\">Tag<\/span><\/div>\n\n<div class=\"gb-headline gb-headline-e9810d98 gb-headline-text\">2017-2018<\/div>\n<\/div>\n<\/div>\n<\/div><\/div>\n\n<div class=\"gb-grid-column gb-grid-column-107bfe9f gb-query-loop-item post-1055 case type-case status-publish has-post-thumbnail hentry tag-mark\"><div class=\"gb-container gb-container-107bfe9f gbp-card shadow\"><a class=\"gb-container-link\" href=\"https:\/\/testinstallation.andthedolphine.com\/index.php\/case\/naturkraft\/\"><\/a>\n<div class=\"gb-container gb-container-05240d5c\">\n<div class=\"gb-headline gb-headline-9fe07827 gb-headline-text gbp-card__meta-text\">Ejendomsfonden Naturkraft<\/div>\n\n<h3 class=\"gb-headline gb-headline-79bfd97e gb-headline-text gbp-card__title\"><a href=\"https:\/\/testinstallation.andthedolphine.com\/index.php\/case\/naturkraft\/\">Naturkraft<\/a><\/h3>\n<\/div>\n\n<div class=\"gb-container gb-container-e7ac0be2\">\n<figure class=\"gb-block-image gb-block-image-4d3bfc15\"><a href=\"https:\/\/testinstallation.andthedolphine.com\/index.php\/case\/naturkraft\/\"><img loading=\"lazy\" decoding=\"async\" width=\"150\" height=\"150\" src=\"https:\/\/testinstallation.andthedolphine.com\/wp-content\/uploads\/2024\/04\/Naturkraft-900x600-1-150x150.webp\" class=\"gb-image-4d3bfc15\" alt=\"\" \/><\/a><\/figure>\n<\/div>\n\n<div class=\"gb-container gb-container-553504e2\">\n<div class=\"gb-container gb-container-d021c636\">\n<div class=\"gb-headline gb-headline-d124497a gb-headline-text\"><span class=\"post-term-item term-mark\">Mark<\/span><\/div>\n\n<div class=\"gb-headline gb-headline-e9810d98 gb-headline-text\">2020<\/div>\n<\/div>\n<\/div>\n<\/div><\/div>\n\n<div class=\"gb-grid-column gb-grid-column-107bfe9f gb-query-loop-item post-1049 case type-case status-publish has-post-thumbnail hentry tag-tag\"><div class=\"gb-container gb-container-107bfe9f gbp-card shadow\"><a class=\"gb-container-link\" href=\"https:\/\/testinstallation.andthedolphine.com\/index.php\/case\/ny-aasane-skole\/\"><\/a>\n<div class=\"gb-container gb-container-05240d5c\">\n<div class=\"gb-headline gb-headline-9fe07827 gb-headline-text gbp-card__meta-text\">Hordaland Kommune<\/div>\n\n<h3 class=\"gb-headline gb-headline-79bfd97e gb-headline-text gbp-card__title\"><a href=\"https:\/\/testinstallation.andthedolphine.com\/index.php\/case\/ny-aasane-skole\/\">Ny \u00c5sane skole<\/a><\/h3>\n<\/div>\n\n<div class=\"gb-container gb-container-e7ac0be2\">\n<figure class=\"gb-block-image gb-block-image-4d3bfc15\"><a href=\"https:\/\/testinstallation.andthedolphine.com\/index.php\/case\/ny-aasane-skole\/\"><img loading=\"lazy\" decoding=\"async\" width=\"150\" height=\"150\" src=\"https:\/\/testinstallation.andthedolphine.com\/wp-content\/uploads\/2024\/08\/nyaasaneskole.portfolio.solarpolaris-150x150.jpg\" class=\"gb-image-4d3bfc15\" alt=\"\" \/><\/a><\/figure>\n<\/div>\n\n<div class=\"gb-container gb-container-553504e2\">\n<div class=\"gb-container gb-container-d021c636\">\n<div class=\"gb-headline gb-headline-d124497a gb-headline-text\"><span class=\"post-term-item term-tag\">Tag<\/span><\/div>\n\n<div class=\"gb-headline gb-headline-e9810d98 gb-headline-text\">2019<\/div>\n<\/div>\n<\/div>\n<\/div><\/div>\n\n<div class=\"gb-grid-column gb-grid-column-107bfe9f gb-query-loop-item post-1045 case type-case status-publish has-post-thumbnail hentry tag-tag\"><div class=\"gb-container gb-container-107bfe9f gbp-card shadow\"><a class=\"gb-container-link\" href=\"https:\/\/testinstallation.andthedolphine.com\/index.php\/case\/sind-multi\/\"><\/a>\n<div class=\"gb-container gb-container-05240d5c\">\n<div class=\"gb-headline gb-headline-9fe07827 gb-headline-text gbp-card__meta-text\">KAB<\/div>\n\n<h3 class=\"gb-headline gb-headline-79bfd97e gb-headline-text gbp-card__title\"><a href=\"https:\/\/testinstallation.andthedolphine.com\/index.php\/case\/sind-multi\/\">Sind Multi<\/a><\/h3>\n<\/div>\n\n<div class=\"gb-container gb-container-e7ac0be2\">\n<figure class=\"gb-block-image gb-block-image-4d3bfc15\"><a href=\"https:\/\/testinstallation.andthedolphine.com\/index.php\/case\/sind-multi\/\"><img loading=\"lazy\" decoding=\"async\" width=\"150\" height=\"150\" src=\"https:\/\/testinstallation.andthedolphine.com\/wp-content\/uploads\/2024\/08\/Sind.multi_.solarpolaris-150x150.jpg\" class=\"gb-image-4d3bfc15\" alt=\"\" \/><\/a><\/figure>\n<\/div>\n\n<div class=\"gb-container gb-container-553504e2\">\n<div class=\"gb-container gb-container-d021c636\">\n<div class=\"gb-headline gb-headline-d124497a gb-headline-text\"><span class=\"post-term-item term-tag\">Tag<\/span><\/div>\n\n<div class=\"gb-headline gb-headline-e9810d98 gb-headline-text\">2019<\/div>\n<\/div>\n<\/div>\n<\/div><\/div>\n<\/div>\n\n<div class=\"gb-container gb-container-4305e30c gb-query-loop-pagination\">\n\n\n<span class=\"gb-button gb-button-95cf11a9 gb-button-text page-numbers gb-block-is-current\" aria-current=\"page\">1<\/span><a class=\"gb-button gb-button-95cf11a9 gb-button-text page-numbers\" href=\"?query-d8e65c1d-page=2\">2<\/a><a class=\"gb-button gb-button-95cf11a9 gb-button-text page-numbers\" href=\"?query-d8e65c1d-page=3\">3<\/a><span class=\"gb-button gb-button-95cf11a9 gb-button-text page-numbers dots\">\u2026<\/span><a class=\"gb-button gb-button-95cf11a9 gb-button-text page-numbers\" href=\"?query-d8e65c1d-page=6\">6<\/a>\n\n<a class=\"gb-button gb-button-be917d58 gb-button-text\" href=\"\/index.php\/wp-json\/wp\/v2\/pages\/1953?query-d8e65c1d-page=2\">N\u00e6ste<\/a>\n<\/div>\n\n<\/div>\n\n<div class=\"gb-container gb-container-badafff8 gb-tabs__item\" id=\"tage\">\n\n<div class=\"gb-grid-wrapper gb-grid-wrapper-1cc80fe1 gb-query-loop-wrapper\"><\/div>\n\n<div class=\"gb-container gb-container-dead9a63 gb-query-loop-pagination\">\n\n\n\n\n\n<\/div>\n\n<\/div>\n\n<div class=\"gb-container gb-container-ed721656 gb-tabs__item gb-tabs__item-open\" id=\"marker\">\n\n<div class=\"gb-grid-wrapper gb-grid-wrapper-87a5d46d gb-query-loop-wrapper\">\n<div class=\"gb-grid-column gb-grid-column-e0eb0385 gb-query-loop-item post-1055 case type-case status-publish has-post-thumbnail hentry tag-mark\"><div class=\"gb-container gb-container-e0eb0385 gbp-card shadow\"><a class=\"gb-container-link\" href=\"https:\/\/testinstallation.andthedolphine.com\/index.php\/case\/naturkraft\/\"><\/a>\n<div class=\"gb-container gb-container-d85c9d36\">\n<div class=\"gb-headline gb-headline-6690e000 gb-headline-text gbp-card__meta-text\">Ejendomsfonden Naturkraft<\/div>\n\n<h3 class=\"gb-headline gb-headline-13f611da gb-headline-text gbp-card__title\"><a href=\"https:\/\/testinstallation.andthedolphine.com\/index.php\/case\/naturkraft\/\">Naturkraft<\/a><\/h3>\n<\/div>\n\n<div class=\"gb-container gb-container-d7acf730\">\n<figure class=\"gb-block-image gb-block-image-6f519371\"><a href=\"https:\/\/testinstallation.andthedolphine.com\/index.php\/case\/naturkraft\/\"><img loading=\"lazy\" decoding=\"async\" width=\"150\" height=\"150\" src=\"https:\/\/testinstallation.andthedolphine.com\/wp-content\/uploads\/2024\/04\/Naturkraft-900x600-1-150x150.webp\" class=\"gb-image-6f519371\" alt=\"\" \/><\/a><\/figure>\n<\/div>\n\n<div class=\"gb-container gb-container-6c34df5b\">\n<div class=\"gb-container gb-container-82573a5e\">\n<div class=\"gb-headline gb-headline-06ebd78a gb-headline-text\"><span class=\"post-term-item term-mark\">Mark<\/span><\/div>\n\n<div class=\"gb-headline gb-headline-83b5a374 gb-headline-text\">2020<\/div>\n<\/div>\n<\/div>\n<\/div><\/div>\n\n<div class=\"gb-grid-column gb-grid-column-e0eb0385 gb-query-loop-item post-1069 case type-case status-publish has-post-thumbnail hentry tag-mark\"><div class=\"gb-container gb-container-e0eb0385 gbp-card shadow\"><a class=\"gb-container-link\" href=\"https:\/\/testinstallation.andthedolphine.com\/index.php\/case\/sumba-faeroeerne\/\"><\/a>\n<div class=\"gb-container gb-container-d85c9d36\">\n<div class=\"gb-headline gb-headline-6690e000 gb-headline-text gbp-card__meta-text\">SEV<\/div>\n\n<h3 class=\"gb-headline gb-headline-13f611da gb-headline-text gbp-card__title\"><a href=\"https:\/\/testinstallation.andthedolphine.com\/index.php\/case\/sumba-faeroeerne\/\">Sumba F\u00e6r\u00f8erne<\/a><\/h3>\n<\/div>\n\n<div class=\"gb-container gb-container-d7acf730\">\n<figure class=\"gb-block-image gb-block-image-6f519371\"><a href=\"https:\/\/testinstallation.andthedolphine.com\/index.php\/case\/sumba-faeroeerne\/\"><img loading=\"lazy\" decoding=\"async\" width=\"150\" height=\"150\" src=\"https:\/\/testinstallation.andthedolphine.com\/wp-content\/uploads\/2024\/08\/sumba.portfolio.solarpolaris-150x150.jpg\" class=\"gb-image-6f519371\" alt=\"\" \/><\/a><\/figure>\n<\/div>\n\n<div class=\"gb-container gb-container-6c34df5b\">\n<div class=\"gb-container gb-container-82573a5e\">\n<div class=\"gb-headline gb-headline-06ebd78a gb-headline-text\"><span class=\"post-term-item term-mark\">Mark<\/span><\/div>\n\n<div class=\"gb-headline gb-headline-83b5a374 gb-headline-text\">2019<\/div>\n<\/div>\n<\/div>\n<\/div><\/div>\n<\/div>\n\n<div class=\"gb-container gb-container-7a5db6f0 gb-query-loop-pagination\">\n\n\n\n\n\n<\/div>\n\n<\/div>\n\n<div class=\"gb-container gb-container-f82b504e gb-tabs__item\" id=\"overdaekning\">\n\n<div class=\"gb-grid-wrapper gb-grid-wrapper-2c36a5e1 gb-query-loop-wrapper\"><\/div>\n\n<div class=\"gb-container gb-container-bce7afe4 gb-query-loop-pagination\">\n\n\n\n\n\n<\/div>\n\n<\/div>\n<\/div>\n<\/div>\n<\/div>\n<\/div>","protected":false},"excerpt":{"rendered":"<p>Lad os inspirere dig til dit n\u00e6ste projekt Markanl\u00e6g Solar Polaris&nbsp;er en dansk EPC (Engineering, Procurement, Construction)virksomhed, der specialiserer sig i design, opf\u00f8relse og vedligeholdelse af store solcelleanl\u00e6g p\u00e5 \u00e5bne arealer. Med en dyb forst\u00e5else af det danske marked og et t\u00e6t samarbejde med lokale leverand\u00f8rer, sikrer vi, at vores markanl\u00e6g lever op til de &#8230; <a title=\"Markanl\u00e6g\" class=\"read-more\" href=\"https:\/\/testinstallation.andthedolphine.com\/index.php\/markanlaeg\/\" aria-label=\"Read more about Markanl\u00e6g\">L\u00e6s Mere<\/a><\/p>\n","protected":false},"author":1,"featured_media":0,"parent":0,"menu_order":0,"comment_status":"closed","ping_status":"closed","template":"","meta":{"_acf_changed":false,"footnotes":""},"class_list":["post-1953","page","type-page","status-publish"],"acf":[],"_links":{"self":[{"href":"https:\/\/testinstallation.andthedolphine.com\/index.php\/wp-json\/wp\/v2\/pages\/1953","targetHints":{"allow":["GET"]}}],"collection":[{"href":"https:\/\/testinstallation.andthedolphine.com\/index.php\/wp-json\/wp\/v2\/pages"}],"about":[{"href":"https:\/\/testinstallation.andthedolphine.com\/index.php\/wp-json\/wp\/v2\/types\/page"}],"author":[{"embeddable":true,"href":"https:\/\/testinstallation.andthedolphine.com\/index.php\/wp-json\/wp\/v2\/users\/1"}],"replies":[{"embeddable":true,"href":"https:\/\/testinstallation.andthedolphine.com\/index.php\/wp-json\/wp\/v2\/comments?post=1953"}],"version-history":[{"count":0,"href":"https:\/\/testinstallation.andthedolphine.com\/index.php\/wp-json\/wp\/v2\/pages\/1953\/revisions"}],"wp:attachment":[{"href":"https:\/\/testinstallation.andthedolphine.com\/index.php\/wp-json\/wp\/v2\/media?parent=1953"}],"curies":[{"name":"wp","href":"https:\/\/api.w.org\/{rel}","templated":true}]}}