{"id":1200,"date":"2024-09-02T21:13:42","date_gmt":"2024-09-02T21:13:42","guid":{"rendered":"https:\/\/solarpolaris.hurtigehjemmesider.dk\/?page_id=1200"},"modified":"2024-09-02T21:13:42","modified_gmt":"2024-09-02T21:13:42","slug":"baeredygtighed","status":"publish","type":"page","link":"https:\/\/testinstallation.andthedolphine.com\/index.php\/baeredygtighed\/","title":{"rendered":"B\u00e6redygtighed"},"content":{"rendered":"<section class=\"gb-container gb-container-46287441 gbp-section\">\n<div class=\"gb-container gb-container-d23a29ab gbp-section__inner\">\n<div class=\"gb-container gb-container-2a48dc36\">\n\n<h1 class=\"gb-headline gb-headline-1512e882 gb-headline-text gbp-section__tagline\">Vejen til&nbsp;din&nbsp;gr\u00f8nne&nbsp;omstilling<\/h1>\n\n\n\n<h1 class=\"gb-headline gb-headline-8c50ff43 gb-headline-text gbp-section__headline\">B\u00e6redygtighed<\/h1>\n\n\n\n<div class=\"gb-headline gb-headline-0c63feb9 gb-headline-text gbp-section__text db-lg-text\">B\u00e6redygtighed og alt dette indeb\u00e6rer udvides konstant og i Solar Polaris arbejder vi med Science Based Targets initiative (SBTi) p\u00e5 et organisatorisk plan og forpligter os til at g\u00f8re b\u00e6redygtighed til en integreret del af forretningen. <br><br>Vi rapporterer \u00e5rligt p\u00e5 14 ud af 15 ESG-indikatorer og arbejder l\u00f8bende p\u00e5 at forbedre verden.<\/div>\n\n<\/div>\n<\/div>\n<\/section>\n\n<div class=\"gb-container gb-container-54dabf23 gbp-section\">\n<div class=\"gb-container gb-container-39ca7b38\">\n\n<h2 class=\"gb-headline gb-headline-94cd02a2 gb-headline-text gbp-section__headline\">S\u00e5dan arbejder vi med b\u00e6redygtighed<\/h2>\n\n\n<div class=\"gb-grid-wrapper gb-grid-wrapper-7c36159e\">\n<div class=\"gb-grid-column gb-grid-column-049e4082\"><div class=\"gb-container gb-container-049e4082 gbp-card blockanimation shadow\">\n\n<h3 class=\"gb-headline gb-headline-52083396 gb-headline-text gbp-section__headline\">Environment<\/h3>\n\n\n\n<div class=\"gb-headline gb-headline-8ae0d6b9 gbp-section__text\"><span class=\"gb-icon\"><svg aria-hidden=\"true\" role=\"img\" height=\"1em\" width=\"1em\" viewBox=\"0 0 512 512\" xmlns=\"http:\/\/www.w3.org\/2000\/svg\"><path fill=\"currentColor\" d=\"M173.898 439.404l-166.4-166.4c-9.997-9.997-9.997-26.206 0-36.204l36.203-36.204c9.997-9.998 26.207-9.998 36.204 0L192 312.69 432.095 72.596c9.997-9.997 26.207-9.997 36.204 0l36.203 36.204c9.997 9.997 9.997 26.206 0 36.204l-294.4 294.401c-9.998 9.997-26.207 9.997-36.204-.001z\"><\/path><\/svg><\/span><span class=\"gb-headline-text\">Ressource effektiv<br>energiproduktion<\/span><\/div>\n\n\n\n<div class=\"gb-headline gb-headline-9a9c197b gbp-section__text\"><span class=\"gb-icon\"><svg aria-hidden=\"true\" role=\"img\" height=\"1em\" width=\"1em\" viewBox=\"0 0 512 512\" xmlns=\"http:\/\/www.w3.org\/2000\/svg\"><path fill=\"currentColor\" d=\"M173.898 439.404l-166.4-166.4c-9.997-9.997-9.997-26.206 0-36.204l36.203-36.204c9.997-9.998 26.207-9.998 36.204 0L192 312.69 432.095 72.596c9.997-9.997 26.207-9.997 36.204 0l36.203 36.204c9.997 9.997 9.997 26.206 0 36.204l-294.4 294.401c-9.998 9.997-26.207 9.997-36.204-.001z\"><\/path><\/svg><\/span><span class=\"gb-headline-text\">V\u00e6rdik\u00e6de &#8211;  ressourcer, produktion og reduce\/reuse\/recycle<\/span><\/div>\n\n\n\n<div class=\"gb-headline gb-headline-fbf489d0 gbp-section__text\"><span class=\"gb-icon\"><svg aria-hidden=\"true\" role=\"img\" height=\"1em\" width=\"1em\" viewBox=\"0 0 512 512\" xmlns=\"http:\/\/www.w3.org\/2000\/svg\"><path fill=\"currentColor\" d=\"M173.898 439.404l-166.4-166.4c-9.997-9.997-9.997-26.206 0-36.204l36.203-36.204c9.997-9.998 26.207-9.998 36.204 0L192 312.69 432.095 72.596c9.997-9.997 26.207-9.997 36.204 0l36.203 36.204c9.997 9.997 9.997 26.206 0 36.204l-294.4 294.401c-9.998 9.997-26.207 9.997-36.204-.001z\"><\/path><\/svg><\/span><span class=\"gb-headline-text\">Produkt recycling<\/span><\/div>\n\n<\/div><\/div>\n\n<div class=\"gb-grid-column gb-grid-column-766b6426\"><div class=\"gb-container gb-container-766b6426 gbp-card blockanimation shadow\">\n\n<h3 class=\"gb-headline gb-headline-5dfb2477 gb-headline-text gbp-section__headline\">Social<\/h3>\n\n\n\n<div class=\"gb-headline gb-headline-ecbc20a5 gbp-section__text\"><span class=\"gb-icon\"><svg aria-hidden=\"true\" role=\"img\" height=\"1em\" width=\"1em\" viewBox=\"0 0 512 512\" xmlns=\"http:\/\/www.w3.org\/2000\/svg\"><path fill=\"currentColor\" d=\"M173.898 439.404l-166.4-166.4c-9.997-9.997-9.997-26.206 0-36.204l36.203-36.204c9.997-9.998 26.207-9.998 36.204 0L192 312.69 432.095 72.596c9.997-9.997 26.207-9.997 36.204 0l36.203 36.204c9.997 9.997 9.997 26.206 0 36.204l-294.4 294.401c-9.998 9.997-26.207 9.997-36.204-.001z\"><\/path><\/svg><\/span><span class=\"gb-headline-text\">Diversitet og inklusion<\/span><\/div>\n\n\n\n<div class=\"gb-headline gb-headline-51879242 gbp-section__text\"><span class=\"gb-icon\"><svg aria-hidden=\"true\" role=\"img\" height=\"1em\" width=\"1em\" viewBox=\"0 0 512 512\" xmlns=\"http:\/\/www.w3.org\/2000\/svg\"><path fill=\"currentColor\" d=\"M173.898 439.404l-166.4-166.4c-9.997-9.997-9.997-26.206 0-36.204l36.203-36.204c9.997-9.998 26.207-9.998 36.204 0L192 312.69 432.095 72.596c9.997-9.997 26.207-9.997 36.204 0l36.203 36.204c9.997 9.997 9.997 26.206 0 36.204l-294.4 294.401c-9.998 9.997-26.207 9.997-36.204-.001z\"><\/path><\/svg><\/span><span class=\"gb-headline-text\">Solar Polaris team<\/span><\/div>\n\n\n\n<div class=\"gb-headline gb-headline-b3243098 gbp-section__text\"><span class=\"gb-icon\"><svg aria-hidden=\"true\" role=\"img\" height=\"1em\" width=\"1em\" viewBox=\"0 0 512 512\" xmlns=\"http:\/\/www.w3.org\/2000\/svg\"><path fill=\"currentColor\" d=\"M173.898 439.404l-166.4-166.4c-9.997-9.997-9.997-26.206 0-36.204l36.203-36.204c9.997-9.998 26.207-9.998 36.204 0L192 312.69 432.095 72.596c9.997-9.997 26.207-9.997 36.204 0l36.203 36.204c9.997 9.997 9.997 26.206 0 36.204l-294.4 294.401c-9.998 9.997-26.207 9.997-36.204-.001z\"><\/path><\/svg><\/span><span class=\"gb-headline-text\">Rettigheder i v\u00e6rdik\u00e6den<br>og human labour<\/span><\/div>\n\n<\/div><\/div>\n\n<div class=\"gb-grid-column gb-grid-column-38926062\"><div class=\"gb-container gb-container-38926062 gbp-card blockanimation shadow\">\n\n<h3 class=\"gb-headline gb-headline-1bf0148b gb-headline-text gbp-section__headline\">Governance<\/h3>\n\n\n\n<div class=\"gb-headline gb-headline-7ce4bdfa gbp-section__text\"><span class=\"gb-icon\"><svg aria-hidden=\"true\" role=\"img\" height=\"1em\" width=\"1em\" viewBox=\"0 0 512 512\" xmlns=\"http:\/\/www.w3.org\/2000\/svg\"><path fill=\"currentColor\" d=\"M173.898 439.404l-166.4-166.4c-9.997-9.997-9.997-26.206 0-36.204l36.203-36.204c9.997-9.998 26.207-9.998 36.204 0L192 312.69 432.095 72.596c9.997-9.997 26.207-9.997 36.204 0l36.203 36.204c9.997 9.997 9.997 26.206 0 36.204l-294.4 294.401c-9.998 9.997-26.207 9.997-36.204-.001z\"><\/path><\/svg><\/span><span class=\"gb-headline-text\">Driver ansvarlig<br>virksomhed<\/span><\/div>\n\n\n\n<div class=\"gb-headline gb-headline-43dfd969 gbp-section__text\"><span class=\"gb-icon\"><svg aria-hidden=\"true\" role=\"img\" height=\"1em\" width=\"1em\" viewBox=\"0 0 512 512\" xmlns=\"http:\/\/www.w3.org\/2000\/svg\"><path fill=\"currentColor\" d=\"M173.898 439.404l-166.4-166.4c-9.997-9.997-9.997-26.206 0-36.204l36.203-36.204c9.997-9.998 26.207-9.998 36.204 0L192 312.69 432.095 72.596c9.997-9.997 26.207-9.997 36.204 0l36.203 36.204c9.997 9.997 9.997 26.206 0 36.204l-294.4 294.401c-9.998 9.997-26.207 9.997-36.204-.001z\"><\/path><\/svg><\/span><span class=\"gb-headline-text\">\u00d8konomisk mening<\/span><\/div>\n\n\n\n<div class=\"gb-headline gb-headline-21150ba7 gbp-section__text\"><span class=\"gb-icon\"><svg aria-hidden=\"true\" role=\"img\" height=\"1em\" width=\"1em\" viewBox=\"0 0 512 512\" xmlns=\"http:\/\/www.w3.org\/2000\/svg\"><path fill=\"currentColor\" d=\"M173.898 439.404l-166.4-166.4c-9.997-9.997-9.997-26.206 0-36.204l36.203-36.204c9.997-9.998 26.207-9.998 36.204 0L192 312.69 432.095 72.596c9.997-9.997 26.207-9.997 36.204 0l36.203 36.204c9.997 9.997 9.997 26.206 0 36.204l-294.4 294.401c-9.998 9.997-26.207 9.997-36.204-.001z\"><\/path><\/svg><\/span><span class=\"gb-headline-text\">Rettigheder i v\u00e6rdi Etik og antikorruption\u00e6den<br>og human labour<\/span><\/div>\n\n\n\n<div class=\"gb-headline gb-headline-970b5e34 gbp-section__text\"><span class=\"gb-icon\"><svg aria-hidden=\"true\" role=\"img\" height=\"1em\" width=\"1em\" viewBox=\"0 0 512 512\" xmlns=\"http:\/\/www.w3.org\/2000\/svg\"><path fill=\"currentColor\" d=\"M173.898 439.404l-166.4-166.4c-9.997-9.997-9.997-26.206 0-36.204l36.203-36.204c9.997-9.998 26.207-9.998 36.204 0L192 312.69 432.095 72.596c9.997-9.997 26.207-9.997 36.204 0l36.203 36.204c9.997 9.997 9.997 26.206 0 36.204l-294.4 294.401c-9.998 9.997-26.207 9.997-36.204-.001z\"><\/path><\/svg><\/span><span class=\"gb-headline-text\">Traceability i v\u00e6rdik\u00e6den.<\/span><\/div>\n\n<\/div><\/div>\n<\/div>\n<\/div>\n<\/div>\n\n<div class=\"gb-container gb-container-79ad351d gbp-section\">\n<div class=\"gb-container gb-container-51bdfb0e round-corners shadow__light\">\n<div class=\"gb-container gb-container-b8294a6e animated bounceInRight o-anim-offset-100px gbp-section\">\n<div class=\"gb-container gb-container-93fe0206 gbp-section__inner\">\n<div class=\"gb-container gb-container-5ce901a1\">\n\n<h3 class=\"gb-headline gb-headline-e13499e9 gb-headline-text gbp-section__headline o-typing-delay-200ms o-count-slow\">Vi har plantet 116.000 tr\u00e6er<\/h3>\n\n<\/div>\n<\/div>\n<\/div>\n\n<div class=\"gb-container gb-container-9cdcd47a animated bounceInLeft o-anim-offset-200px gbp-section\">\n<div class=\"gb-container gb-container-a08c8db2 gbp-section__inner\"><\/div>\n<\/div>\n<\/div>\n<\/div>\n\n<div class=\"gb-container gb-container-8d136d24 gbp-section\">\n<div class=\"gb-container gb-container-0b592a98 gbp-section__inner\">\n<div class=\"gb-container gb-container-8360e135\">\n\n<div class=\"gb-headline gb-headline-d27c03a0 gb-headline-text gbp-section__tagline\">Hele vejen rundt<\/div>\n\n\n\n<h2 class=\"gb-headline gb-headline-488a960e gb-headline-text gbp-section__headline\">360 graders perspektiv<\/h2>\n\n\n\n<div class=\"gb-headline gb-headline-22915e63 gb-headline-text gbp-section__text\">I Solar Polaris projekterer vi med et 360 graders perspektiv og er mere end bare en EPC. Med mere end <br>50 leverand\u00f8rer har vi et ansvar for at sikre gr\u00f8nne tiltag og social ansvarlighed i v\u00e6rdik\u00e6den. <br><br>I Solar Group arbejdes der t\u00e6t med kunder for at styrke og supporte blandt andet decarboniserings rejsen, vi laver derfor l\u00f8bende risikovurderinger og styring for at give vores kunder et produkt med god samvittighed. Vi skaber energien og sikre at din solenergi giver dig en gr\u00f8n fremtid.<\/div>\n\n<\/div>\n<\/div>\n<\/div>\n\n<div class=\"gb-container gb-container-b135abf3 gbp-section\">\n<div class=\"gb-container gb-container-deb40d04 gbp-section__inner\">\n\n<figure class=\"gb-block-image gb-block-image-e08c0279\"><img loading=\"lazy\" decoding=\"async\" width=\"2560\" height=\"1920\" class=\"gb-image gb-image-e08c0279 round-corners shadow\" src=\"https:\/\/testinstallation.andthedolphine.com\/wp-content\/uploads\/2024\/08\/240822_SOLAR_POLARIS4245-scaled-1.jpg\" alt=\"Fredrik og Carsten sidder i en sofa og kigger ned i computeren\" title=\"240822_SOLAR_POLARIS4245\" srcset=\"https:\/\/testinstallation.andthedolphine.com\/wp-content\/uploads\/2024\/08\/240822_SOLAR_POLARIS4245-scaled-1.jpg 2560w, https:\/\/testinstallation.andthedolphine.com\/wp-content\/uploads\/2024\/08\/240822_SOLAR_POLARIS4245-scaled-1-300x225.jpg 300w, https:\/\/testinstallation.andthedolphine.com\/wp-content\/uploads\/2024\/08\/240822_SOLAR_POLARIS4245-scaled-1-1024x768.jpg 1024w, https:\/\/testinstallation.andthedolphine.com\/wp-content\/uploads\/2024\/08\/240822_SOLAR_POLARIS4245-scaled-1-768x576.jpg 768w, https:\/\/testinstallation.andthedolphine.com\/wp-content\/uploads\/2024\/08\/240822_SOLAR_POLARIS4245-scaled-1-1536x1152.jpg 1536w, https:\/\/testinstallation.andthedolphine.com\/wp-content\/uploads\/2024\/08\/240822_SOLAR_POLARIS4245-scaled-1-2048x1536.jpg 2048w\" sizes=\"auto, (max-width: 2560px) 100vw, 2560px\" \/><\/figure>\n\n<\/div>\n\n<div class=\"gb-container gb-container-88ab35f0 gbp-section__inner\">\n<div class=\"gb-container gb-container-c0e98dff\">\n\n<h2 class=\"gb-headline gb-headline-63ec578e gb-headline-text gbp-section__headline\">F\u00e5 en transparent v\u00e6rdik\u00e6de<\/h2>\n\n\n<div class=\"gb-grid-wrapper gb-grid-wrapper-da40cbe0\">\n<div class=\"gb-grid-column gb-grid-column-104bc6fc\"><div class=\"gb-container gb-container-104bc6fc gbp-card blockanimation shadow\">\n\n<div class=\"gb-headline gb-headline-99714196 gb-headline-text gbp-section__text\">EPD<\/div>\n\n\n\n<h3 class=\"gb-headline gb-headline-3c743f0c gb-headline-text gbp-section__headline\">Envinronmental Product Decleration<\/h3>\n\n\n\n<div class=\"gb-headline gb-headline-22f4a14b gb-headline-text gbp-section__text\">Dokumentet, der giver dig information om milj\u00f8p\u00e5virkningen af et produkt eller en service baseret p\u00e5 en livscyklusvurdering.<\/div>\n\n<\/div><\/div>\n\n<div class=\"gb-grid-column gb-grid-column-74fb2bf3\"><div class=\"gb-container gb-container-74fb2bf3 gbp-card blockanimation shadow\">\n\n<div class=\"gb-headline gb-headline-389690a8 gb-headline-text gbp-section__text\">CoC<\/div>\n\n\n\n<h3 class=\"gb-headline gb-headline-22682db4 gb-headline-text gbp-section__headline\">Code of Conduct <\/h3>\n\n\n\n<div class=\"gb-headline gb-headline-fb938691 gb-headline-text gbp-section__text\">Fokus p\u00e5 ansvarlighed og god praksis for medarbejdere og organisation, samt krav til leverand\u00f8rer vedr\u00f8rende social, etiske og milj\u00f8m\u00e6ssige forhold.<\/div>\n\n<\/div><\/div>\n\n<div class=\"gb-grid-column gb-grid-column-ebf70d14\"><div class=\"gb-container gb-container-ebf70d14 gbp-card blockanimation shadow\">\n\n<div class=\"gb-headline gb-headline-85a3d2b1 gb-headline-text gbp-section__text\">Verdensm\u00e5l<\/div>\n\n\n\n<h3 class=\"gb-headline gb-headline-1e1a0022 gb-headline-text gbp-section__headline\">FNs Verdensm\u00e5l<\/h3>\n\n\n<div class=\"gb-container gb-container-e96392c4\">\n<div class=\"gb-grid-wrapper gb-grid-wrapper-8d050c25\">\n<div class=\"gb-grid-column gb-grid-column-3013e907\"><div class=\"gb-container gb-container-3013e907\">\n\n<figure class=\"gb-block-image gb-block-image-0d4c66fc\"><img loading=\"lazy\" decoding=\"async\" width=\"180\" height=\"180\" class=\"gb-image gb-image-0d4c66fc\" src=\"https:\/\/testinstallation.andthedolphine.com\/wp-content\/uploads\/2024\/09\/7.gif\" alt=\"\" title=\"7\"\/><\/figure>\n\n<\/div><\/div>\n\n<div class=\"gb-grid-column gb-grid-column-ebad5f64\"><div class=\"gb-container gb-container-ebad5f64\">\n\n<figure class=\"gb-block-image gb-block-image-3674b25c\"><img loading=\"lazy\" decoding=\"async\" width=\"180\" height=\"180\" class=\"gb-image gb-image-3674b25c\" src=\"https:\/\/testinstallation.andthedolphine.com\/wp-content\/uploads\/2024\/09\/12.gif\" alt=\"\" title=\"12\"\/><\/figure>\n\n<\/div><\/div>\n\n<div class=\"gb-grid-column gb-grid-column-d4281421\"><div class=\"gb-container gb-container-d4281421\">\n\n<figure class=\"gb-block-image gb-block-image-81bff93b\"><img loading=\"lazy\" decoding=\"async\" width=\"180\" height=\"180\" class=\"gb-image gb-image-81bff93b\" src=\"https:\/\/testinstallation.andthedolphine.com\/wp-content\/uploads\/2024\/09\/13.gif\" alt=\"\" title=\"13\"\/><\/figure>\n\n<\/div><\/div>\n\n<div class=\"gb-grid-column gb-grid-column-6319fb13\"><div class=\"gb-container gb-container-6319fb13\">\n\n<figure class=\"gb-block-image gb-block-image-ccf1d222\"><img loading=\"lazy\" decoding=\"async\" width=\"180\" height=\"180\" class=\"gb-image gb-image-ccf1d222\" src=\"https:\/\/testinstallation.andthedolphine.com\/wp-content\/uploads\/2024\/09\/15.gif\" alt=\"\" title=\"15\"\/><\/figure>\n\n<\/div><\/div>\n<\/div>\n<\/div>\n<\/div><\/div>\n<\/div>\n<\/div>\n<\/div>\n<\/div>\n\n<div class=\"gb-container gb-container-41e28a28 gbp-section\">\n<div class=\"gb-container gb-container-4fcf5ded gbp-section__inner\">\n<div class=\"gb-container gb-container-b950a0ed gbp-sectionu002du002dbackground gbp-section__inner blockanimation\">\n<div class=\"gb-container gb-container-9c0ab5ed\">\n\n<h3 class=\"gb-headline gb-headline-d27e670f gb-headline-text\">Videnscenter<\/h3>\n\n\n\n<div class=\"gb-headline gb-headline-d6f82281 gb-headline-text\">Interesseret i vores certifikater omhandlende kvalitet og milj\u00f8?<\/div>\n\n\n<div class=\"gb-container gb-container-6d0e1994\">\n\n<a class=\"gb-button gb-button-cbdc1a6a gb-button-text gbp-buttonu002du002dprimary gbp-button--primary\" href=\"https:\/\/solarpolaris.hurtigehjemmesider.dk\/videnscenter\/\">G\u00e5 til vores videnscenter<\/a>\n\n<\/div>\n<\/div>\n<\/div>\n<\/div>\n<\/div>\n\n<div class=\"gb-container gb-container-f816603a\">\n<div class=\"gb-container gb-container-980f95fc\"><\/div>\n<\/div>","protected":false},"excerpt":{"rendered":"<p>Vejen til&nbsp;din&nbsp;gr\u00f8nne&nbsp;omstilling B\u00e6redygtighed B\u00e6redygtighed og alt dette indeb\u00e6rer udvides konstant og i Solar Polaris arbejder vi med Science Based Targets initiative (SBTi) p\u00e5 et organisatorisk plan og forpligter os til at g\u00f8re b\u00e6redygtighed til en integreret del af forretningen. Vi rapporterer \u00e5rligt p\u00e5 14 ud af 15 ESG-indikatorer og arbejder l\u00f8bende p\u00e5 at forbedre verden. &#8230; <a title=\"B\u00e6redygtighed\" class=\"read-more\" href=\"https:\/\/testinstallation.andthedolphine.com\/index.php\/baeredygtighed\/\" aria-label=\"Read more about B\u00e6redygtighed\">L\u00e6s Mere<\/a><\/p>\n","protected":false},"author":1,"featured_media":0,"parent":0,"menu_order":0,"comment_status":"closed","ping_status":"closed","template":"","meta":{"_acf_changed":false,"footnotes":""},"class_list":["post-1200","page","type-page","status-publish"],"acf":[],"_links":{"self":[{"href":"https:\/\/testinstallation.andthedolphine.com\/index.php\/wp-json\/wp\/v2\/pages\/1200","targetHints":{"allow":["GET"]}}],"collection":[{"href":"https:\/\/testinstallation.andthedolphine.com\/index.php\/wp-json\/wp\/v2\/pages"}],"about":[{"href":"https:\/\/testinstallation.andthedolphine.com\/index.php\/wp-json\/wp\/v2\/types\/page"}],"author":[{"embeddable":true,"href":"https:\/\/testinstallation.andthedolphine.com\/index.php\/wp-json\/wp\/v2\/users\/1"}],"replies":[{"embeddable":true,"href":"https:\/\/testinstallation.andthedolphine.com\/index.php\/wp-json\/wp\/v2\/comments?post=1200"}],"version-history":[{"count":0,"href":"https:\/\/testinstallation.andthedolphine.com\/index.php\/wp-json\/wp\/v2\/pages\/1200\/revisions"}],"wp:attachment":[{"href":"https:\/\/testinstallation.andthedolphine.com\/index.php\/wp-json\/wp\/v2\/media?parent=1200"}],"curies":[{"name":"wp","href":"https:\/\/api.w.org\/{rel}","templated":true}]}}